{"id":6694,"date":"2025-10-27T09:18:43","date_gmt":"2025-10-27T08:18:43","guid":{"rendered":"https:\/\/proditysoftware.com\/wie-tubacex-die-orp-mit-ki-revolutionierte-fallstudie\/"},"modified":"2026-04-01T10:31:25","modified_gmt":"2026-04-01T08:31:25","slug":"wie-tubacex-die-orp-mit-ki-revolutionierte-fallstudie","status":"publish","type":"page","link":"https:\/\/proditysoftware.com\/de\/wie-tubacex-die-orp-mit-ki-revolutionierte-fallstudie\/","title":{"rendered":"Wie Tubacex die ORP mit KI revolutionierte (Fallstudie)"},"content":{"rendered":"\n<div class=\"wp-block-group demo-hablamos has-global-padding is-layout-constrained wp-block-group-is-layout-constrained\">\n<div class=\"wp-block-columns is-layout-flex wp-container-core-columns-is-layout-28f84493 wp-block-columns-is-layout-flex\">\n<div class=\"wp-block-column is-layout-flow wp-block-column-is-layout-flow\">\n<div class=\"wp-block-group grp-tub has-global-padding is-content-justification-left is-layout-constrained wp-container-core-group-is-layout-9da30eee wp-block-group-is-layout-constrained\">\n<h1 class=\"wp-block-heading\">Wie <mark style=\"background-color:rgba(0, 0, 0, 0)\" class=\"has-inline-color has-corp-color\">Tubacex<\/mark> seine Pr\u00e4ventionskultur mit k\u00fcnstlicher Intelligenz ver\u00e4ndert hat<\/h1>\n\n\n\n<p class=\"dmo-subt\" style=\"margin-top:16px\">Was Sie im Ebook finden werden<\/p>\n\n\n\n<div class=\"wp-block-group grid-demo has-global-padding is-layout-constrained wp-block-group-is-layout-constrained\" style=\"margin-bottom:80px\">\n<div class=\"wp-block-group is-nowrap is-layout-flex wp-container-core-group-is-layout-bd657856 wp-block-group-is-layout-flex\">\n<figure class=\"wp-block-image size-large\"><img decoding=\"async\" width=\"40\" height=\"40\" src=\"https:\/\/proditysoftware.com\/wp-content\/uploads\/2025\/10\/Frame-1171276232.svg\" alt=\"icon\" class=\"wp-image-5263\"\/><\/figure>\n\n\n\n<p>Wie Tubacex vom reaktiven Management zu einer datengesteuerten Pr\u00e4ventivkultur \u00fcberging.<\/p>\n<\/div>\n\n\n\n<div class=\"wp-block-group is-nowrap is-layout-flex wp-container-core-group-is-layout-c7bc43fb wp-block-group-is-layout-flex\" style=\"margin-top:16px\">\n<figure class=\"wp-block-image size-large\"><img decoding=\"async\" width=\"40\" height=\"40\" src=\"https:\/\/proditysoftware.com\/wp-content\/uploads\/2025\/10\/Frame-1171276232-1.svg\" alt=\"icon\" class=\"wp-image-5266\"\/><\/figure>\n\n\n\n<p>Die Rolle der k\u00fcnstlichen Intelligenz bei der Automatisierung der Analyse von pr\u00e4ventiven Beobachtungen (OPS).<\/p>\n<\/div>\n\n\n\n<div class=\"wp-block-group is-nowrap is-layout-flex wp-container-core-group-is-layout-c7bc43fb wp-block-group-is-layout-flex\" style=\"margin-top:16px\">\n<div class=\"wp-block-group has-global-padding is-layout-constrained wp-container-core-group-is-layout-189ee2a1 wp-block-group-is-layout-constrained\">\n<figure class=\"wp-block-image size-full\"><img decoding=\"async\" width=\"40\" height=\"40\" src=\"https:\/\/proditysoftware.com\/wp-content\/uploads\/2025\/10\/Frame-1171276232-2.svg\" alt=\"icon\" class=\"wp-image-5269\" style=\"object-fit:contain\"\/><\/figure>\n<\/div>\n\n\n\n<p>Sp\u00fcrbare Ergebnisse in Bezug auf Effizienz, F\u00fchrung und R\u00fcckverfolgbarkeit.<\/p>\n<\/div>\n\n\n\n<div class=\"wp-block-group is-nowrap is-layout-flex wp-container-core-group-is-layout-c7bc43fb wp-block-group-is-layout-flex\" style=\"margin-top:16px\">\n<div class=\"wp-block-group has-global-padding is-layout-constrained wp-container-core-group-is-layout-189ee2a1 wp-block-group-is-layout-constrained\">\n<figure class=\"wp-block-image size-full\"><img decoding=\"async\" width=\"40\" height=\"40\" src=\"https:\/\/proditysoftware.com\/wp-content\/uploads\/2025\/10\/Frame-1171276232-3.svg\" alt=\"icon\" class=\"wp-image-5272\" style=\"object-fit:contain\"\/><\/figure>\n<\/div>\n\n\n\n<p>Gelernte Lektionen und ihre Auswirkungen auf die Herausforderung 2030.<\/p>\n<\/div>\n<\/div>\n\n\n\n<figure class=\"wp-block-image size-full is-resized d-n-r\"><img decoding=\"async\" width=\"501\" height=\"374\" src=\"https:\/\/proditysoftware.com\/wp-content\/uploads\/2025\/11\/landing.png\" alt=\"Landung\" class=\"wp-image-5566\" style=\"width:250px\" srcset=\"https:\/\/proditysoftware.com\/wp-content\/uploads\/2025\/11\/landing.png 501w, https:\/\/proditysoftware.com\/wp-content\/uploads\/2025\/11\/landing-300x224.png 300w\" sizes=\"(max-width: 501px) 100vw, 501px\" \/><\/figure>\n<\/div>\n<\/div>\n\n\n\n<div class=\"wp-block-column is-layout-flow wp-block-column-is-layout-flow\">\n<div class=\"wp-block-group has-global-padding is-content-justification-right is-layout-constrained wp-container-core-group-is-layout-c64be4fa wp-block-group-is-layout-constrained\">\n<div class=\"wp-block-contact-form-7-contact-form-selector\">\n<div class=\"wpcf7 no-js\" id=\"wpcf7-f8581-o1\" lang=\"de-DE\" dir=\"ltr\" data-wpcf7-id=\"8581\">\n<div class=\"screen-reader-response\"><p role=\"status\" aria-live=\"polite\" aria-atomic=\"true\"><\/p> <ul><\/ul><\/div>\n<form action=\"\/de\/wp-json\/wp\/v2\/pages\/6694#wpcf7-f8581-o1\" method=\"post\" class=\"wpcf7-form init\" aria-label=\"Kontaktformular\" novalidate=\"novalidate\" data-status=\"init\">\n<fieldset class=\"hidden-fields-container\"><input type=\"hidden\" name=\"_wpcf7\" value=\"8581\" \/><input type=\"hidden\" name=\"_wpcf7_version\" value=\"6.1.5\" \/><input type=\"hidden\" name=\"_wpcf7_locale\" value=\"de_DE\" \/><input type=\"hidden\" name=\"_wpcf7_unit_tag\" value=\"wpcf7-f8581-o1\" \/><input type=\"hidden\" name=\"_wpcf7_container_post\" value=\"0\" \/><input type=\"hidden\" name=\"_wpcf7_posted_data_hash\" value=\"\" \/>\n<\/fieldset>\n<div class=\"grid-2-cols\"><label> <div>Name <span class=\"red\">*<\/span><\/div>\n <span class=\"wpcf7-form-control-wrap\" data-name=\"your-name\"><input size=\"40\" maxlength=\"400\" class=\"wpcf7-form-control wpcf7-text wpcf7-validates-as-required\" autocomplete=\"name\" aria-required=\"true\" aria-invalid=\"false\" placeholder=\"Schreiben Sie Ihren Namen\" value=\"\" type=\"text\" name=\"your-name\" \/><\/span> <\/label>\n<label> <div>Nachname <span class=\"red\">*<\/span><\/div>\n <span class=\"wpcf7-form-control-wrap\" data-name=\"your-subname\"><input size=\"40\" maxlength=\"400\" class=\"wpcf7-form-control wpcf7-text wpcf7-validates-as-required\" aria-required=\"true\" aria-invalid=\"false\" placeholder=\"Schreiben Sie Ihren Nachnamen\" value=\"\" type=\"text\" name=\"your-subname\" \/><\/span> <\/label>\n<\/div>\n<div class=\"grid-2-cols\">\n<label> <div>Telefon *<\/div>\n <span class=\"wpcf7-form-control-wrap\" data-name=\"your-phone\"><input size=\"40\" maxlength=\"400\" class=\"wpcf7-form-control wpcf7-tel wpcf7-validates-as-required wpcf7-text wpcf7-validates-as-tel\" autocomplete=\"phone\" aria-required=\"true\" aria-invalid=\"false\" placeholder=\"Geben Sie Ihre Rufnummer ein\" value=\"\" type=\"tel\" name=\"your-phone\" \/><\/span> <\/label>\n<label> <div><span class=\"red\">Firmen-E-Mail<\/span><\/div>\n <span class=\"wpcf7-form-control-wrap\" data-name=\"ihre-email\"><input size=\"40\" maxlength=\"400\" class=\"wpcf7-form-control wpcf7-email wpcf7-validates-as-required wpcf7-text wpcf7-validates-as-email\" autocomplete=\"email\" aria-required=\"true\" aria-invalid=\"false\" placeholder=\"Geben Sie Ihre E-Mail Adresse ein\" value=\"\" type=\"email\" name=\"ihre-email\" \/><\/span>\n <\/label>\n<\/div>\n<div>\n<label> <div>Rolle<\/div>\n <span class=\"wpcf7-form-control-wrap\" data-name=\"your-rol\"><input size=\"40\" maxlength=\"400\" class=\"wpcf7-form-control wpcf7-text wpcf7-validates-as-required\" aria-required=\"true\" aria-invalid=\"false\" placeholder=\"W\u00e4hlen Sie eine Rolle\" value=\"\" type=\"text\" name=\"your-rol\" \/><\/span> <\/label>\n<\/div>\n<div>\n<label> <div>Firma <span class=\"red\">*<\/span><\/div>\n <span class=\"wpcf7-form-control-wrap\" data-name=\"your-empresa\"><input size=\"40\" maxlength=\"400\" class=\"wpcf7-form-control wpcf7-text wpcf7-validates-as-required\" aria-required=\"true\" aria-invalid=\"false\" placeholder=\"Schreiben Sie Ihr Unternehmen\" value=\"\" type=\"text\" name=\"your-empresa\" \/><\/span> <\/label>\n<\/div>\n<div>\n<label class=\"european-countries\" for=\"european-countries\"> <div>Land <span class=\"red\">*<\/span><\/div>\n    <span class=\"wpcf7-form-control-wrap\" data-name=\"european-countries\"><select class=\"wpcf7-form-control wpcf7-select wpcf7-validates-as-required\" aria-required=\"true\" aria-invalid=\"false\" name=\"european-countries\"><option value=\"\">W\u00e4hlen Sie ein Land<\/option><option value=\"Deutschland\">Deutschland<\/option><option value=\"Andorra\">Andorra<\/option><option value=\"Argentinien\">Argentinien<\/option><option value=\"Armenien\">Armenien<\/option><option value=\"\u00d6sterreich\">\u00d6sterreich<\/option><option value=\"Aserbaidschan\">Aserbaidschan<\/option><option value=\"Belgien\">Belgien<\/option><option value=\"Wei\u00dfrussland\">Wei\u00dfrussland<\/option><option value=\"Bolivien\">Bolivien<\/option><option value=\"Bosnien und Herzegowina\">Bosnien und Herzegowina<\/option><option value=\"Brasilien\">Brasilien<\/option><option value=\"Bulgarien\">Bulgarien<\/option><option value=\"Chile\">Chile<\/option><option value=\"Zypern\">Zypern<\/option><option value=\"Kolumbien\">Kolumbien<\/option><option value=\"Costa Rica\">Costa Rica<\/option><option value=\"Kroatien\">Kroatien<\/option><option value=\"Kuba\">Kuba<\/option><option value=\"D\u00e4nemark\">D\u00e4nemark<\/option><option value=\"Ecuador\">Ecuador<\/option><option value=\"Der Retter\">Der Retter<\/option><option value=\"Slowakei\">Slowakei<\/option><option value=\"Slowenien\">Slowenien<\/option><option value=\"Spanien\">Spanien<\/option><option value=\"Estland\">Estland<\/option><option value=\"Finnland\">Finnland<\/option><option value=\"Frankreich\">Frankreich<\/option><option value=\"Georgien\">Georgien<\/option><option value=\"Griechenland\">Griechenland<\/option><option value=\"Guatemala\">Guatemala<\/option><option value=\"Honduras\">Honduras<\/option><option value=\"Ungarn\">Ungarn<\/option><option value=\"Irland\">Irland<\/option><option value=\"Island\">Island<\/option><option value=\"Italien\">Italien<\/option><option value=\"Kasachstan\">Kasachstan<\/option><option value=\"Lettland\">Lettland<\/option><option value=\"Liechtenstein\">Liechtenstein<\/option><option value=\"Litauen\">Litauen<\/option><option value=\"Luxemburg\">Luxemburg<\/option><option value=\"Malta\">Malta<\/option><option value=\"Mexiko\">Mexiko<\/option><option value=\"Moldawien\">Moldawien<\/option><option value=\"Monaco\">Monaco<\/option><option value=\"Montenegro\">Montenegro<\/option><option value=\"Nicaragua\">Nicaragua<\/option><option value=\"Norwegen\">Norwegen<\/option><option value=\"Niederlande\">Niederlande<\/option><option value=\"Panama\">Panama<\/option><option value=\"Paraguay\">Paraguay<\/option><option value=\"Peru\">Peru<\/option><option value=\"Polen\">Polen<\/option><option value=\"Portugal\">Portugal<\/option><option value=\"Vereinigtes K\u00f6nigreich\">Vereinigtes K\u00f6nigreich<\/option><option value=\"Tschechische Republik\">Tschechische Republik<\/option><option value=\"Dominikanische Republik\">Dominikanische Republik<\/option><option value=\"Rum\u00e4nien\">Rum\u00e4nien<\/option><option value=\"Russland\">Russland<\/option><option value=\"San Marino\">San Marino<\/option><option value=\"Serbien\">Serbien<\/option><option value=\"Schweden\">Schweden<\/option><option value=\"Schweiz\">Schweiz<\/option><option value=\"T\u00fcrkei\">T\u00fcrkei<\/option><option value=\"Ukraine\">Ukraine<\/option><option value=\"Uruguay\">Uruguay<\/option><option value=\"Vaticano\">Vaticano<\/option><option value=\"Venezuela\">Venezuela<\/option><option value=\"Andere\">Andere<\/option><\/select><\/span>\n<\/label>\n<\/div>\n\n    <div class=\"check\"><span class=\"wpcf7-form-control-wrap\" data-name=\"accept-this-1\"><span class=\"wpcf7-form-control wpcf7-acceptance\"><span class=\"wpcf7-list-item\"><label><input type=\"checkbox\" name=\"accept-this-1\" value=\"1\" aria-invalid=\"false\" \/><span class=\"wpcf7-list-item-label\">Ich akzeptiere ausdr\u00fccklich die <a href=\"\/tratamiento-de-datos\/\" target=\"_blank\" rel=\"nofollow\">Datenschutzrichtlinie<\/a> und die <a href=\"\/cookies\/\" target=\"_blank\" rel=\"nofollow\">Cookie-Richtlinie<\/a>.<\/span><\/label><\/span><\/span><\/span>\n<\/div>\n<input class=\"wpcf7-form-control wpcf7-hidden\" value=\"\" type=\"hidden\" name=\"utm_source\" \/>\n<div class=\"cf7-cf-turnstile\" style=\"margin-top: 0px; margin-bottom: -15px;\"> <div id=\"cf-turnstile-cf7-3055025136\" class=\"cf-turnstile\" data-sitekey=\"0x4AAAAAACUxPR8AwP_zIYpY\" data-theme=\"light\" data-language=\"auto\" data-size=\"normal\" data-retry=\"auto\" data-retry-interval=\"1000\" data-refresh-expired=\"auto\" data-action=\"contact-form-7\" data-appearance=\"always\"><\/div> <script>document.addEventListener(\"DOMContentLoaded\", function() { setTimeout(function(){ var e=document.getElementById(\"cf-turnstile-cf7-3055025136\"); e&&!e.innerHTML.trim()&&(turnstile.remove(\"#cf-turnstile-cf7-3055025136\"), turnstile.render(\"#cf-turnstile-cf7-3055025136\", {sitekey:\"0x4AAAAAACUxPR8AwP_zIYpY\"})); }, 100); });<\/script> <br class=\"cf-turnstile-br cf-turnstile-br-cf7-3055025136\"> <style>#cf-turnstile-cf7-3055025136 { margin-left: -15px; }<\/style> <script>document.addEventListener(\"DOMContentLoaded\",function(){document.querySelectorAll('.wpcf7-form').forEach(function(e){e.addEventListener('submit',function(){if(document.getElementById('cf-turnstile-cf7-3055025136')){setTimeout(function(){turnstile.reset('#cf-turnstile-cf7-3055025136');},1000)}})})});<\/script> <\/div><br\/><input class=\"wpcf7-form-control wpcf7-submit has-spinner\" type=\"submit\" value=\"Ebook erhalten\" \/><input type='hidden' class='wpcf7-pum' value='{\"closepopup\":false,\"closedelay\":0,\"openpopup\":false,\"openpopup_id\":0}' \/><div class=\"wpcf7-response-output\" aria-hidden=\"true\"><\/div>\n<\/form>\n<\/div>\n<\/div>\n<\/div>\n<\/div>\n<\/div>\n<\/div>\n","protected":false},"excerpt":{"rendered":"<p>Wie Tubacex seine Pr\u00e4ventionskultur mit k\u00fcnstlicher Intelligenz ver\u00e4ndert hat Was Sie im Ebook finden werden Wie Tubacex vom reaktiven Management zu einer datengesteuerten Pr\u00e4ventivkultur \u00fcberging. Die Rolle der k\u00fcnstlichen Intelligenz bei der Automatisierung der Analyse von pr\u00e4ventiven Beobachtungen (OPS). Sp\u00fcrbare Ergebnisse in Bezug auf Effizienz, F\u00fchrung und R\u00fcckverfolgbarkeit. Gelernte Lektionen und ihre Auswirkungen auf die [&hellip;]<\/p>\n","protected":false},"author":1,"featured_media":0,"parent":0,"menu_order":0,"comment_status":"closed","ping_status":"closed","template":"","meta":{"inline_featured_image":false,"footnotes":""},"class_list":["post-6694","page","type-page","status-publish","hentry"],"_links":{"self":[{"href":"https:\/\/proditysoftware.com\/de\/wp-json\/wp\/v2\/pages\/6694","targetHints":{"allow":["GET"]}}],"collection":[{"href":"https:\/\/proditysoftware.com\/de\/wp-json\/wp\/v2\/pages"}],"about":[{"href":"https:\/\/proditysoftware.com\/de\/wp-json\/wp\/v2\/types\/page"}],"author":[{"embeddable":true,"href":"https:\/\/proditysoftware.com\/de\/wp-json\/wp\/v2\/users\/1"}],"replies":[{"embeddable":true,"href":"https:\/\/proditysoftware.com\/de\/wp-json\/wp\/v2\/comments?post=6694"}],"version-history":[{"count":2,"href":"https:\/\/proditysoftware.com\/de\/wp-json\/wp\/v2\/pages\/6694\/revisions"}],"predecessor-version":[{"id":8583,"href":"https:\/\/proditysoftware.com\/de\/wp-json\/wp\/v2\/pages\/6694\/revisions\/8583"}],"wp:attachment":[{"href":"https:\/\/proditysoftware.com\/de\/wp-json\/wp\/v2\/media?parent=6694"}],"curies":[{"name":"wp","href":"https:\/\/api.w.org\/{rel}","templated":true}]}}