{"id":7079,"date":"2025-02-10T11:37:46","date_gmt":"2025-02-10T10:37:46","guid":{"rendered":"https:\/\/proditysoftware.com\/datenschutzbestimmungen\/"},"modified":"2026-04-01T10:36:27","modified_gmt":"2026-04-01T08:36:27","slug":"datenschutzbestimmungen","status":"publish","type":"page","link":"https:\/\/proditysoftware.com\/de\/datenschutzbestimmungen\/","title":{"rendered":"Datenschutzbestimmungen"},"content":{"rendered":"\n<h1 class=\"wp-block-heading\">Datenschutzbestimmungen<\/h1>\n\n<p>Diese Datenschutzrichtlinie bildet die Grundlage, auf der PROSAFETY SOFTWARE, S.L.U (im Folgenden &#8222;der Hersteller&#8220;), mit Sitz in Avda. Estadio del Molin\u00f3n, Espacio Tecnol\u00f3gico del Molin\u00f3n, 100, Gij\u00f3n (Asturien), Spanien, das Unternehmen, das Eigent\u00fcmer der Anwendung   <strong>Prodity Mobile<\/strong>sowie die zur Espiral Group geh\u00f6renden Unternehmen, die jeweils anwendbar sein k\u00f6nnen (im Folgenden gemeinsam &#8222;Wir&#8220; oder &#8222;die Verantwortlichen&#8220;), verarbeiten Ihre personenbezogenen Daten von Nutzern in \u00dcbereinstimmung mit den Bestimmungen der Allgemeinen Datenschutzverordnung (EU-Verordnung 2016\/679), im Folgenden GDPR, und dem Organgesetz 3\/2018 vom 5. Dezember \u00fcber den Datenschutz und die Garantie digitaler Rechte (LOPDGDD), wenn Sie diese \u00fcber die Website zur Verf\u00fcgung stellen.  <a href=\"https:\/\/proditysoftware.com\/de\/\">https:\/\/proditysoftware.com\/<\/a>  (nachfolgend &#8222;die Website&#8220;), ihre mobile Anwendung oder App, verstanden als die Computeranwendung, die f\u00fcr die Ausf\u00fchrung auf Smartphones oder Tablets konzipiert ist, und ihre mobile Anwendung oder App, verstanden als die Computeranwendung, die f\u00fcr die Ausf\u00fchrung auf Smartphones oder Tablets konzipiert ist.  <em>smartphones<\/em>Tablets und anderen mobilen Ger\u00e4ten (im Folgenden &#8222;die App&#8220; genannt).<\/p>\n\n<p>Wann immer Sie uns bei der Nutzung der Plattform Informationen zur Verf\u00fcgung stellen oder es f\u00fcr uns notwendig ist, auf Informationen zuzugreifen, die es uns aufgrund ihrer Eigenschaften erm\u00f6glichen, Sie zu identifizieren, wie z.B. Ihren Vor- und Nachnamen, Ihre E-Mail-Adresse, Rechnungsadressen, Telefonnummer, Ger\u00e4tetyp usw. (im Folgenden &#8222;Pers\u00f6nliche Daten&#8220;), entweder um die Plattform zu durchsuchen oder um ihre Dienste oder Funktionalit\u00e4ten zu nutzen, unterliegen Sie der Anwendung dieser Datenschutzrichtlinie, die die jeweils g\u00fcltigen &#8222;Allgemeinen Gesch\u00e4ftsbedingungen&#8220; impliziert, und Sie m\u00fcssen diese Texte \u00fcberpr\u00fcfen, um sicherzustellen, dass Sie mit ihnen einverstanden sind.<\/p>\n\n<p>Diese Datenschutzrichtlinie und unsere Allgemeinen Gesch\u00e4ftsbedingungen k\u00f6nnen von &#8222;DER HERSTELLER&#8220; jederzeit ge\u00e4ndert werden. Es liegt daher in Ihrer Verantwortung, sie regelm\u00e4\u00dfig zu lesen, da die zum Zeitpunkt der Nutzung der Plattform geltenden Bestimmungen gelten.<\/p>\n\n<p>Bitte lesen Sie diese Datenschutzrichtlinie sorgf\u00e4ltig durch, um zu erfahren, wie wir mit Ihren pers\u00f6nlichen Daten umgehen, wenn Sie auf unsere App und unsere Dienste zugreifen und diese nutzen.<\/p>\n\n<p><strong>Erhebung pers\u00f6nlicher Daten<\/strong><\/p>\n\n<p>Diese Datenschutzrichtlinie bildet die Grundlage, auf der PROSAFETY SOFTWARE, S.L.U (im Folgenden &#8222;der Hersteller&#8220;), mit Sitz in Avda. Estadio del Molin\u00f3n, Espacio Tecnol\u00f3gico del Molin\u00f3n, 100, Gij\u00f3n (Asturien), Spanien, das Unternehmen, das Eigent\u00fcmer der Anwendung   <strong>Prodity Mobile<\/strong>sowie die zur Espiral Group geh\u00f6renden Unternehmen, die jeweils anwendbar sein k\u00f6nnen (im Folgenden gemeinsam &#8222;Wir&#8220; oder &#8222;die Verantwortlichen&#8220;), verarbeiten Ihre personenbezogenen Daten von Nutzern in \u00dcbereinstimmung mit den Bestimmungen der Allgemeinen Datenschutzverordnung (EU-Verordnung 2016\/679), im Folgenden GDPR, und dem Organgesetz 3\/2018 vom 5. Dezember \u00fcber den Datenschutz und die Garantie digitaler Rechte (LOPDGDD), wenn Sie diese \u00fcber die Website zur Verf\u00fcgung stellen.  <a href=\"https:\/\/proditysoftware.com\/de\/\">https:\/\/proditysoftware.com\/<\/a>  (nachfolgend &#8222;die Website&#8220;), ihre mobile Anwendung oder App, verstanden als die Computeranwendung, die f\u00fcr die Ausf\u00fchrung auf Smartphones oder Tablets konzipiert ist, und ihre mobile Anwendung oder App, verstanden als die Computeranwendung, die f\u00fcr die Ausf\u00fchrung auf Smartphones oder Tablets konzipiert ist.  <em>smartphones<\/em>Tablets und anderen mobilen Ger\u00e4ten (im Folgenden &#8222;die App&#8220; genannt).<\/p>\n\n<p>Wann immer Sie uns bei der Nutzung der Plattform Informationen zur Verf\u00fcgung stellen oder es f\u00fcr uns notwendig ist, auf Informationen zuzugreifen, die es uns aufgrund ihrer Eigenschaften erm\u00f6glichen, Sie zu identifizieren, wie z.B. Ihren Vor- und Nachnamen, Ihre E-Mail-Adresse, Rechnungsadressen, Telefonnummer, Ger\u00e4tetyp usw. (im Folgenden &#8222;Pers\u00f6nliche Daten&#8220;), entweder um die Plattform zu durchsuchen oder um ihre Dienste oder Funktionalit\u00e4ten zu nutzen, unterliegen Sie der Anwendung dieser Datenschutzrichtlinie, die die jeweils g\u00fcltigen &#8222;Allgemeinen Gesch\u00e4ftsbedingungen&#8220; impliziert, und Sie m\u00fcssen diese Texte \u00fcberpr\u00fcfen, um sicherzustellen, dass Sie mit ihnen einverstanden sind.<\/p>\n\n<p>Diese Datenschutzrichtlinie und unsere Allgemeinen Gesch\u00e4ftsbedingungen k\u00f6nnen von &#8222;DER HERSTELLER&#8220; jederzeit ge\u00e4ndert werden. Es liegt daher in Ihrer Verantwortung, sie regelm\u00e4\u00dfig zu lesen, da die zum Zeitpunkt der Nutzung der Plattform geltenden Bestimmungen gelten.<\/p>\n\n<p>Bitte lesen Sie diese Datenschutzrichtlinie sorgf\u00e4ltig durch, um zu erfahren, wie wir mit Ihren pers\u00f6nlichen Daten umgehen, wenn Sie auf unsere App und unsere Dienste zugreifen und diese nutzen.<\/p>\n\n<p><strong>Data Controller<\/strong><\/p>\n\n<p>Der f\u00fcr die Verarbeitung Ihrer pers\u00f6nlichen Daten Verantwortliche ist PROSAFETY SOFTWARE, S.L.U., mit den oben angegebenen Kontaktdaten. Bei Fragen zum Datenschutz k\u00f6nnen Sie sich an unseren Datenschutzbeauftragten (DSB) unter der folgenden E-Mail-Adresse wenden: dpo@proditysoftware.com. <\/p>\n\n<p><strong>Pers\u00f6nliche Daten, die wir sammeln<\/strong><\/p>\n\n<p>Wir sammeln pers\u00f6nliche Daten, die Sie uns direkt zur Verf\u00fcgung stellen, wie z.B.:<\/p>\n\n<ul class=\"wp-block-list list-style-2\">\n<li>Kontaktinformationen: Vorname, Nachname, E-Mail-Adresse, Telefonnummer.<\/li>\n\n\n\n<li>Nutzungsinformationen: technische Daten \u00fcber Ihr Ger\u00e4t, wie IP-Adresse, Ger\u00e4tetyp, Betriebssystem und Version.<\/li>\n\n\n\n<li>Browsing-Daten: Informationen \u00fcber Ihre Aktivit\u00e4ten in der App, einschlie\u00dflich besuchter Seiten und durchgef\u00fchrter Interaktionen.<\/li>\n<\/ul>\n\n<p><strong>Zwecke der Verarbeitung und Rechtsgrundlage<\/strong><\/p>\n\n<p>Wir verarbeiten Ihre personenbezogenen Daten f\u00fcr die folgenden Zwecke:<\/p>\n\n<ol style=\"list-style-type:lower-alpha\" class=\"wp-block-list list-style-2\">\n<li>Um Ihre Registrierung als Nutzer der App zu verwalten: Um Ihnen den Zugriff auf die verf\u00fcgbaren Funktionen und Dienste zu erm\u00f6glichen. Die Rechtsgrundlage ist die Ausf\u00fchrung eines Vertrags. <\/li>\n\n\n\n<li>Um Ihre Anfragen und W\u00fcnsche zu bearbeiten: Um Ihre Fragen zu beantworten und W\u00fcnsche zu bearbeiten. Die Rechtsgrundlage ist Ihre Einwilligung und unser berechtigtes Interesse. <\/li>\n\n\n\n<li>Kommerzielle Mitteilungen: Um Ihnen Informationen \u00fcber Produkte und Dienstleistungen zukommen zu lassen, vorausgesetzt, Sie haben Ihr Einverst\u00e4ndnis gegeben.<\/li>\n\n\n\n<li>Erf\u00fcllung gesetzlicher Verpflichtungen: einschlie\u00dflich der Einhaltung von Steuer- und Sicherheitsvorschriften. Die Rechtsgrundlage ist die Erf\u00fcllung gesetzlicher Verpflichtungen. <\/li>\n<\/ol>\n\n<p><strong>Vorratsdatenspeicherung<\/strong><\/p>\n\n<p>Ihre pers\u00f6nlichen Daten werden aufbewahrt:<\/p>\n\n<ul class=\"wp-block-list list-style-2\">\n<li>F\u00fcr den Zeitraum, der zur Erf\u00fcllung der oben beschriebenen Zwecke erforderlich ist.<\/li>\n\n\n\n<li>Solange ein Vertragsverh\u00e4ltnis besteht oder bis Sie Ihre Einwilligung f\u00fcr bestimmte Zwecke widerrufen.<\/li>\n\n\n\n<li>W\u00e4hrend der gesetzlich vorgeschriebenen Fristen.<\/li>\n<\/ul>\n\n<p><strong>Benutzerrechte<\/strong><\/p>\n\n<p>Sie haben das Recht dazu:<\/p>\n\n<ul class=\"wp-block-list list-style-2\">\n<li>Zugriff auf Ihre pers\u00f6nlichen Daten.<\/li>\n\n\n\n<li>Korrigieren Sie ungenaue oder unvollst\u00e4ndige Daten.<\/li>\n\n\n\n<li>Ihre Daten zu l\u00f6schen, wenn sie f\u00fcr die Zwecke, f\u00fcr die sie erhoben wurden, nicht mehr erforderlich sind.<\/li>\n\n\n\n<li>der Verarbeitung Ihrer pers\u00f6nlichen Daten unter bestimmten Umst\u00e4nden zu widersprechen.<\/li>\n\n\n\n<li>die Einschr\u00e4nkung der Verarbeitung Ihrer Daten verlangen.<\/li>\n\n\n\n<li>Ihre Daten an einen anderen Datenverantwortlichen weitergeben.<\/li>\n<\/ul>\n\n<p>Um Ihre Rechte auszu\u00fcben, senden Sie bitte Ihren Antrag an dpo@proditysoftware.com oder an die Postanschrift des f\u00fcr die Datenverarbeitung Verantwortlichen. Geben Sie dabei an, welches Recht Sie aus\u00fcben m\u00f6chten, und legen Sie eine Kopie Ihres Ausweises vor, um Ihre Identit\u00e4t zu \u00fcberpr\u00fcfen.<\/p>\n\n<p><strong>Sicherheitsma\u00dfnahmen<\/strong><\/p>\n\n<p>Wir setzen technische und organisatorische Ma\u00dfnahmen ein, um ein angemessenes Ma\u00df an Sicherheit zu gew\u00e4hrleisten und Ihre Daten vor unbefugtem Zugriff, Verlust oder Manipulation zu sch\u00fctzen. Zu diesen Ma\u00dfnahmen geh\u00f6ren die Verschl\u00fcsselung von Daten und eingeschr\u00e4nkte Zugriffskontrollen. <\/p>\n\n<p><strong>Empf\u00e4nger der Daten<\/strong><\/p>\n\n<p>Ihre pers\u00f6nlichen Daten werden nicht an Dritte weitergegeben, au\u00dfer:<\/p>\n\n<p>Wenn dies zur Erf\u00fcllung gesetzlicher Verpflichtungen erforderlich ist.<\/p>\n\n<p>An Dienstleister, die als Auftragsverarbeiter fungieren und angemessene Schutzvorkehrungen treffen.<\/p>\n\n<p><strong>Internationale \u00dcberweisungen<\/strong><\/p>\n\n<p>Wenn wir Ihre Daten au\u00dferhalb des Europ\u00e4ischen Wirtschaftsraums (EWR) \u00fcbermitteln, stellen wir sicher, dass angemessene Schutzma\u00dfnahmen, wie von der Europ\u00e4ischen Kommission genehmigte Standardvertragsklauseln, vorhanden sind.<\/p>\n\n<p><strong>Updates zu dieser Richtlinie<\/strong><\/p>\n\n<p>Wir k\u00f6nnen diese Datenschutzrichtlinie von Zeit zu Zeit aktualisieren. Wir werden Sie \u00fcber alle \u00c4nderungen durch eine Benachrichtigung in der App oder auf andere Weise informieren. <\/p>\n<\/ul>\n\n<p><\/p>\n\n<div style=\"height:80px\" aria-hidden=\"true\" class=\"wp-block-spacer\"><\/div>\n","protected":false},"excerpt":{"rendered":"<p>Datenschutzbestimmungen Diese Datenschutzrichtlinie bildet die Grundlage, auf der PROSAFETY SOFTWARE, S.L.U (im Folgenden &#8222;der Hersteller&#8220;), mit Sitz in Avda. Estadio del Molin\u00f3n, Espacio Tecnol\u00f3gico del Molin\u00f3n, 100, Gij\u00f3n (Asturien), Spanien, das Unternehmen, das Eigent\u00fcmer der Anwendung Prodity Mobilesowie die zur Espiral Group geh\u00f6renden Unternehmen, die jeweils anwendbar sein k\u00f6nnen (im Folgenden gemeinsam &#8222;Wir&#8220; oder &#8222;die [&hellip;]<\/p>\n","protected":false},"author":1,"featured_media":0,"parent":0,"menu_order":0,"comment_status":"closed","ping_status":"closed","template":"","meta":{"inline_featured_image":false,"footnotes":""},"class_list":["post-7079","page","type-page","status-publish","hentry"],"_links":{"self":[{"href":"https:\/\/proditysoftware.com\/de\/wp-json\/wp\/v2\/pages\/7079","targetHints":{"allow":["GET"]}}],"collection":[{"href":"https:\/\/proditysoftware.com\/de\/wp-json\/wp\/v2\/pages"}],"about":[{"href":"https:\/\/proditysoftware.com\/de\/wp-json\/wp\/v2\/types\/page"}],"author":[{"embeddable":true,"href":"https:\/\/proditysoftware.com\/de\/wp-json\/wp\/v2\/users\/1"}],"replies":[{"embeddable":true,"href":"https:\/\/proditysoftware.com\/de\/wp-json\/wp\/v2\/comments?post=7079"}],"version-history":[{"count":1,"href":"https:\/\/proditysoftware.com\/de\/wp-json\/wp\/v2\/pages\/7079\/revisions"}],"predecessor-version":[{"id":7080,"href":"https:\/\/proditysoftware.com\/de\/wp-json\/wp\/v2\/pages\/7079\/revisions\/7080"}],"wp:attachment":[{"href":"https:\/\/proditysoftware.com\/de\/wp-json\/wp\/v2\/media?parent=7079"}],"curies":[{"name":"wp","href":"https:\/\/api.w.org\/{rel}","templated":true}]}}