{"id":8262,"date":"2024-07-23T17:30:06","date_gmt":"2024-07-23T15:30:06","guid":{"rendered":"https:\/\/proditysoftware.com\/legale\/"},"modified":"2026-04-06T10:44:33","modified_gmt":"2026-04-06T08:44:33","slug":"legale","status":"publish","type":"page","link":"https:\/\/proditysoftware.com\/it\/legale\/","title":{"rendered":"Legale"},"content":{"rendered":"\n<h1 class=\"wp-block-heading\">Avviso legale<\/h1>\n\n<h4 class=\"wp-block-heading\">01. SCOPO E PROPRIET\u00c0 DI PRODITY<\/h4>\n\n<p>Questo sito web \u00e8 di propriet\u00e0 di Prosafety Software S.L.U. ed \u00e8 stato creato con l&#8217;obiettivo di offrire agli utenti informazioni dettagliate sul prodotto prodity\u00ae, oltre a diversi mezzi attraverso i quali possono contattarci e comunicare con noi.<\/p>\n\n<p>Offre inoltre la possibilit\u00e0 di accedere alle informazioni su prodity\u00ae.<\/p>\n\n<h4 class=\"wp-block-heading\">02. CONDIZIONI D&#8217;USO E UTILIZZO DEL SERVIZIO<\/h4>\n\n<h5 class=\"wp-block-heading\">02.01. OBBLIGO DI UTILIZZARE CORRETTAMENTE IL SERVIZIO.<\/h5>\n\n<p>Le condizioni di accesso e di utilizzo di questo sito web sono soggette alla legislazione vigente e ai principi di buona fede e di uso lecito da parte dell&#8217;utente dello stesso, essendo vietato, in generale, qualsiasi tipo di azione a danno di prodity\u00ae e contraria al presente Avviso Legale.<\/p>\n\n<p>L&#8217;utente si impegna a utilizzare questo servizio senza intraprendere attivit\u00e0 che possano essere considerate illecite o illegali, che violino i diritti di prodity\u00ae o di terzi, o che possano danneggiare, rendere inutilizzabile, sovraccaricare o deteriorare il Servizio o impedire il normale utilizzo dello stesso da parte di altri utenti.<\/p>\n\n<h5 class=\"wp-block-heading\">02.02. RICHIESTA DI CONTENUTI<\/h5>\n\n<p>L&#8217;utente deve astenersi dall&#8217;effettuare richieste di contenuti offerti attraverso questo sito web utilizzando mezzi o procedure diversi da quelli messi a sua disposizione, diversi da quelli indicati sul sito web o diversi da quelli normalmente utilizzati su Internet e sempre che non comportino il rischio di disabilitare il Servizio e i suoi contenuti.<\/p>\n\n<h5 class=\"wp-block-heading\">02.03. DIVIETI<\/h5>\n\n<p>\u00c8 vietato l&#8217;uso di questo sito web per scopi illegali o non autorizzati, in particolare e senza limitazioni:<\/p>\n\n<p>&#8211; Qualsiasi forma di violazione dei diritti di terzi (diritto alla privacy, all&#8217;immagine, ai diritti di propriet\u00e0 intellettuale e industriale, ecc.)<\/p>\n\n<p>&#8211; Utilizzare i contenuti di questo sito web per effettuare qualsiasi tipo di pubblicit\u00e0, come l&#8217;invio di e-mail non richieste (spam) o comunicazioni simili.<\/p>\n\n<p>&#8211; Introdurre virus informatici, file difettosi o qualsiasi altro software o programma informatico che possa causare danni o alterazioni non autorizzate ai contenuti o ai sistemi accessibili tramite questo sito web.<\/p>\n\n<h4 class=\"wp-block-heading\">03. PROPRIET\u00c0 INTELLETTUALE E PROPRIET\u00c0 INDUSTRIALE<\/h4>\n\n<p>I diritti di riproduzione, distribuzione e comunicazione pubblica del sito web sono di propriet\u00e0 di Prodity\u00ae. Tutti i testi, i disegni, i contenuti, la struttura, i database, i loghi, i codici sorgente e gli altri elementi del sito web sono protetti dalla legislazione e dai trattati internazionali in vigore in materia. Prodity\u00ae detiene tutti i diritti di propriet\u00e0 intellettuale necessari per poter sfruttare il sito web e l&#8217;insieme degli elementi che lo compongono.  <\/p>\n\n<p>\u00c8 severamente vietata la riproduzione, la distribuzione, la comunicazione pubblica, la trasformazione o qualsiasi altra forma di sfruttamento di tutto o parte del contenuto del sito web, effettuata in qualsiasi forma o con qualsiasi mezzo, elettronico, meccanico o altro. La violazione di tali diritti dar\u00e0 luogo all&#8217;esercizio delle relative azioni legali, civili e\/o penali. <\/p>\n\n<p>Prodity\u00ae \u00e8 proprietaria dei marchi, dei loghi e dei nomi di dominio associati ai Servizi forniti attraverso il suo sito web, e la loro riproduzione o il loro utilizzo non autorizzato dal proprietario degli stessi \u00e8 severamente vietato.<\/p>\n\n<h4 class=\"wp-block-heading\">04. POLITICA SULLA PRIVACY<\/h4>\n\n<p>Tutti i dati personali forniti tramite moduli elettronici e\/o e-mail saranno trattati con la massima riservatezza, in conformit\u00e0 alle disposizioni del REGOLAMENTO (UE) 2016\/679 DEL PARLAMENTO EUROPEO E DEL CONSIGLIO del 27 aprile 2016 relativo alla protezione delle persone fisiche con riguardo al trattamento dei dati personali, nonch\u00e9 alla libera circolazione di tali dati. Potrai esercitare i tuoi diritti di accesso, rettifica, cancellazione e opposizione, nonch\u00e9 i diritti di trasparenza delle informazioni, soppressione, limitazione e portabilit\u00e0, tramite e-mail, all&#8217;indirizzo <a href=\"mailto:dpo@proditysoftware.com\">dpo@proditysoftware.com,<\/a> o tramite posta inviata a Prosafety Software S.L.U., Estadio de El Molin\u00f3n 100, 33203 Gij\u00f3n, Asturie.   <\/p>\n\n<p>Inviando i moduli esistenti, il mittente acconsente espressamente al trattamento automatizzato dei dati in essi contenuti, che entreranno a far parte di un archivio di propriet\u00e0 di Prosafety Software, S.L.U., societ\u00e0 spagnola con sede legale in Estadio de El Molin\u00f3n 100, 33203 Gij\u00f3n, Asturie.  <\/p>\n\n<p>Tali dati non saranno trasferiti a terzi e sono considerati strettamente necessari per la corretta identificazione del mittente, adeguati, pertinenti e non eccedenti rispetto all&#8217;ambito e alle finalit\u00e0 descritte.  <\/p>\n\n<h4 class=\"wp-block-heading\">05. ESCLUSIONE DI RESPONSABILIT\u00c0<\/h4>\n\n<p>L&#8217;utente sar\u00e0 l&#8217;unico responsabile di eventuali violazioni o danni causati a terzi dall&#8217;uso improprio o illegittimo del sito web.<\/p>\n\n<p>Prodity\u00ae non sar\u00e0 responsabile di eventuali danni che possano derivare da interferenze, omissioni, interruzioni, virus informatici, guasti telefonici o disconnessioni nel funzionamento operativo dei sistemi elettronici o informatici, causati da ragioni al di fuori del controllo dell&#8217;azienda, ritardi o blocchi nell&#8217;utilizzo di tali sistemi causati da carenze o sovraccarichi delle linee telefoniche, sovraccarichi nel sistema Internet o in altri sistemi elettronici.<\/p>\n\n<p>Gli utenti utilizzano i collegamenti ipertestuali a proprio rischio e pericolo. I link che appaiono sul sito web ad altre pagine sono stabiliti a scopo puramente informativo e non implicano alcun tipo di associazione con i siti web collegati, n\u00e9 alcuna raccomandazione dei prodotti o dei servizi offerti da queste pagine. Prodity\u00ae non garantisce n\u00e9 le condizioni, n\u00e9 la legalit\u00e0 dei contenuti, n\u00e9 la corretta fornitura dei servizi offerti agli utenti da terzi, ai quali si pu\u00f2 accedere tramite i link presenti in queste pagine. Non \u00e8 nemmeno responsabile dei collegamenti ipertestuali che i suoi clienti possono creare attraverso le loro pagine web.   <\/p>\n\n<p>Prodity\u00ae \u00e8 esente da qualsiasi responsabilit\u00e0 in merito ai &#8220;cookies&#8221; che terze parti possono installare sul disco rigido del computer dell&#8217;utente.<\/p>\n\n<p>Inoltre, prodity\u00ae non potr\u00e0 essere ritenuta responsabile per errori tipografici o imprecisioni che potrebbero essere presenti nei contenuti del suo sito web.<\/p>\n\n<h4 class=\"wp-block-heading\">06. SERVIZIO<\/h4>\n\n<p>Prodity\u00ae si riserva il diritto di fornire l&#8217;accesso al proprio sito web, senza preavviso, su base discrezionale e temporanea, nonch\u00e9 il diritto di modificare, aggiornare, correggere unilateralmente, in qualsiasi momento e senza preavviso, la presentazione, l&#8217;Avviso Legale, le condizioni di servizio o di utilizzo del sito web, nonch\u00e9 i contenuti dello stesso e, in ogni caso, rispetto alla normativa applicabile.<\/p>\n\n<h4 class=\"wp-block-heading\">07. GENERALE<\/h4>\n\n<p>La legge spagnola sar\u00e0 applicabile a qualsiasi controversia che possa sorgere in merito all&#8217;interpretazione, all&#8217;applicazione e\/o al rispetto del presente Avviso Legale, nonch\u00e9 a qualsiasi reclamo che possa derivare dal suo utilizzo.<\/p>\n\n<p>I partecipanti accettano di sottoporsi alla giurisdizione delle Corti e dei Tribunali di Gij\u00f3n, Asturie, in caso di conflitto, rinunciando espressamente a qualsiasi altra giurisdizione che possa corrispondere loro.<\/p>\n\n<div style=\"height:80px\" aria-hidden=\"true\" class=\"wp-block-spacer\"><\/div>\n","protected":false},"excerpt":{"rendered":"<p>Avviso legale 01. SCOPO E PROPRIET\u00c0 DI PRODITY Questo sito web \u00e8 di propriet\u00e0 di Prosafety Software S.L.U. ed \u00e8 stato creato con l&#8217;obiettivo di offrire agli utenti informazioni dettagliate sul prodotto prodity\u00ae, oltre a diversi mezzi attraverso i quali possono contattarci e comunicare con noi. Offre inoltre la possibilit\u00e0 di accedere alle informazioni su [&hellip;]<\/p>\n","protected":false},"author":1,"featured_media":0,"parent":0,"menu_order":0,"comment_status":"closed","ping_status":"closed","template":"","meta":{"inline_featured_image":false,"footnotes":""},"class_list":["post-8262","page","type-page","status-publish","hentry"],"_links":{"self":[{"href":"https:\/\/proditysoftware.com\/it\/wp-json\/wp\/v2\/pages\/8262","targetHints":{"allow":["GET"]}}],"collection":[{"href":"https:\/\/proditysoftware.com\/it\/wp-json\/wp\/v2\/pages"}],"about":[{"href":"https:\/\/proditysoftware.com\/it\/wp-json\/wp\/v2\/types\/page"}],"author":[{"embeddable":true,"href":"https:\/\/proditysoftware.com\/it\/wp-json\/wp\/v2\/users\/1"}],"replies":[{"embeddable":true,"href":"https:\/\/proditysoftware.com\/it\/wp-json\/wp\/v2\/comments?post=8262"}],"version-history":[{"count":1,"href":"https:\/\/proditysoftware.com\/it\/wp-json\/wp\/v2\/pages\/8262\/revisions"}],"predecessor-version":[{"id":8263,"href":"https:\/\/proditysoftware.com\/it\/wp-json\/wp\/v2\/pages\/8262\/revisions\/8263"}],"wp:attachment":[{"href":"https:\/\/proditysoftware.com\/it\/wp-json\/wp\/v2\/media?parent=8262"}],"curies":[{"name":"wp","href":"https:\/\/api.w.org\/{rel}","templated":true}]}}