{"id":8266,"date":"2024-07-23T17:31:21","date_gmt":"2024-07-23T15:31:21","guid":{"rendered":"https:\/\/proditysoftware.com\/elaborazione-dati\/"},"modified":"2026-04-06T10:44:07","modified_gmt":"2026-04-06T08:44:07","slug":"elaborazione-dati","status":"publish","type":"page","link":"https:\/\/proditysoftware.com\/it\/elaborazione-dati\/","title":{"rendered":"Elaborazione dati"},"content":{"rendered":"\n<h1 class=\"wp-block-heading has-text-align-left\">Politica di trattamento dei dati<\/h1>\n\n<p>Dal 25 maggio 2018 si applica il Regolamento Generale sulla Protezione dei Dati (di seguito &#8220;GDPR&#8221;) e noi di Prodity teniamo alla tua privacy e alla protezione dei tuoi dati.<\/p>\n\n<p>In questa Informativa sul trattamento dei dati personali ti spieghiamo quali dati personali raccogliamo e come li utilizziamo. Abbiamo cercato di scriverla in modo chiaro e semplice, per renderla facilmente comprensibile in modo che tu possa decidere liberamente e volontariamente se fornire a Prodity i tuoi dati personali o quelli dei membri della tua organizzazione. <\/p>\n\n<h2 class=\"wp-block-heading\">RESPONSABILE DEL TRATTAMENTO DEI DATI<\/h2>\n\n<p>&#8211; Identit\u00e0 del responsabile: PROSAFETY SOFTWARE, S.L.U.<\/p>\n\n<p>&#8211; NIF\/CIF: B52553419<\/p>\n\n<p>&#8211; Indirizzo: Espacio Tecnol\u00f3gico de El Molin\u00f3n &#8211; Estadio de El Molin\u00f3n, 100 &#8211; C.P. 33203 Gij\u00f3n (Asturie)<\/p>\n\n<p>&#8211; Telefono: 984 107 637<\/p>\n\n<p>Se hai domande sul trattamento dei tuoi dati personali, puoi scriverci al seguente indirizzo e-mail: <a href=\"mailto:dpo@proditysoftware.com\">dpo@proditysoftware.com<\/a><\/p>\n\n<h2 class=\"wp-block-heading\">DATI CHE RACCOGLIAMO<\/h2>\n\n<p>Raccogliamo, conserviamo ed elaboriamo i dati personali necessari per la fornitura dei nostri servizi, assicurandoci che siano adeguati, pertinenti e non eccessivi per lo scopo legittimo del trattamento. In particolare, le informazioni che raccogliamo sono: <\/p>\n\n<p>&#8211; Informazioni sui nostri <strong>clienti <\/strong>, necessarie per fornire loro i servizi contrattati con noi, tra cui informazioni di identificazione e di contatto, dati commerciali, finanziari e bancari. Sebbene la maggior parte di queste informazioni sia di natura commerciale, possono essere inclusi dati personali, soprattutto per quanto riguarda il personale di contatto delle aziende nostre clienti. <\/p>\n\n<p>&#8211; Informazioni provenienti dai nostri <strong>fornitori<\/strong>, tra cui informazioni di identificazione e di contatto, informazioni finanziarie e coordinate bancarie, necessarie per gestire i servizi che ci forniscono. Sebbene la maggior parte di queste informazioni siano di natura commerciale, possono includere dati personali, soprattutto per quanto riguarda il personale di contatto dei nostri fornitori. <\/p>\n\n<p>&#8211; Informazioni dei nostri <strong>partner o collaboratori esterni<\/strong> necessarie per la gestione dei progetti che realizziamo insieme, tra cui informazioni di identificazione e contatto, dati professionali, finanziari e bancari. Sebbene la maggior parte di queste informazioni sia di natura commerciale, possono essere inclusi dati personali, soprattutto per quanto riguarda il personale di contatto dei nostri partner commerciali. <\/p>\n\n<p>&#8211; Internamente, Prodity raccoglie, archivia ed elabora i dati personali dei propri <strong>dipendenti<\/strong>, tra i quali includiamo tutte le informazioni necessarie a gestire il rapporto di lavoro che ci unisce e a rispettare gli obblighi di legge in materia. Tali informazioni includono, a titolo esemplificativo ma non esaustivo, i dati identificativi, di contatto, bancari o di formazione dei dipendenti. <\/p>\n\n<p>In ogni caso, gli interessati garantiscono e sono responsabili, in ogni caso, della veridicit\u00e0, accuratezza, validit\u00e0 e autenticit\u00e0 dei Dati Personali forniti e si impegnano a mantenerli debitamente aggiornati.<\/p>\n\n<h2 class=\"wp-block-heading\">ACCESSO AI DATI PERSONALI<\/h2>\n\n<p>Per il corretto sviluppo dei servizi offerti, il personale di Prodity pu\u00f2 avere accesso alle informazioni e a determinati dati personali, soprattutto di contatto, contenuti negli archivi. In questi casi, Prodity si impegna a mantenere la riservatezza e la sicurezza di tali dati da parte dell&#8217;azienda e del suo personale, che si atterr\u00e0 agli impegni di riservatezza e ai contratti di trattamento esterni necessari. <\/p>\n\n<h2 class=\"wp-block-heading\">FINALIT\u00c0 DEL TRATTAMENTO<\/h2>\n\n<p>I dati personali che raccogliamo sono trattati per le seguenti finalit\u00e0:<\/p>\n\n<p>&#8211; Gestire la fornitura del servizio richiesto e\/o contrattato.<\/p>\n\n<p>&#8211; Gestione del rapporto di lavoro<\/p>\n\n<p>&#8211; Per gestire comunicazioni commerciali, per posta o per via elettronica, nei casi in cui l&#8217;utente abbia fornito l&#8217;opzione di disiscrizione, su nuovi prodotti e\/o servizi offerti da Prodity.<\/p>\n\n<p>&#8211; Gestire l&#8217;iscrizione alla newsletter e il successivo invio della stessa.<\/p>\n\n<p>&#8211; Inviti a partecipare ai nostri eventi, webinar e presentazioni<\/p>\n\n<p>&#8211; Gestire le richieste di contatto con la nostra azienda attraverso i canali previsti a tal fine sul nostro sito web aziendale o di prodotto o attraverso le nostre app.<\/p>\n\n<h2 class=\"wp-block-heading\">IMPEGNI DI PRODIGALIT\u00c0:<\/h2>\n\n<p>&#8211; Chiediamo solo le informazioni personali realmente necessarie per fornirti i servizi che desideri.<\/p>\n\n<p>&#8211; Non condividiamo mai le informazioni personali dei nostri utenti con nessuno, se non per fornirti il miglior servizio, per rispettare la legge o se abbiamo il tuo esplicito consenso.<\/p>\n\n<p>&#8211; Non utilizzeremo mai i tuoi dati personali per scopi diversi da quelli indicati nella presente informativa sulla privacy.<\/p>\n\n<h2 class=\"wp-block-heading\">LEGITTIMIT\u00c0<\/h2>\n\n<p>La base giuridica del trattamento dei dati personali dell&#8217;utente \u00e8 il consenso dato all&#8217;inizio del rapporto commerciale, lavorativo o professionale o all&#8217;esecuzione del contratto che ci lega. Il consenso dell&#8217;utente al trattamento e al trasferimento dei propri dati pu\u00f2 essere revocato in qualsiasi momento inviando una richiesta a <a href=\"mailto:dpo@proditysoftware.com\">dpo@proditysoftware.com.<\/a> <\/p>\n\n<p>Per quanto riguarda la finalit\u00e0 di tenerti informato sulle novit\u00e0 relative a noi o ai nostri servizi, la base giuridica che ci consente di effettuare tale trattamento si basa sul tuo consenso espresso, che ci hai dato nel momento in cui hai iniziato il tuo rapporto con Prodity.<\/p>\n\n<h2 class=\"wp-block-heading\">QUANDO CI FORNISCI I TUOI DATI PERSONALI?<\/h2>\n\n<p>&#8211; Quando entriamo in un rapporto contrattuale.<\/p>\n\n<p>&#8211; Quando utilizzi il nostro strumento Prodity.<\/p>\n\n<p>&#8211; Partecipare a una promozione, un evento, una fiera, un seminario o un congresso.<\/p>\n\n<p>&#8211; Inviando il tuo CV in formato cartaceo o elettronico.<\/p>\n\n<p>&#8211; Compila il modulo di contatto sul nostro sito web.<\/p>\n\n<p>&#8211; Iscrivendosi alla nostra newsletter.<\/p>\n\n<p>&#8211; Attraverso i nostri social network<a href=\"https:\/\/prosafetysoftware.com\/politica-tratamiento-de-datos#_ftn1\" target=\"_blank\" rel=\"noopener\">[1]<\/a>.<\/p>\n\n<h2 class=\"wp-block-heading\">DIRITTI<\/h2>\n\n<p>Ne hai il diritto:<\/p>\n\n<p>&#8211; Accesso ai tuoi dati personali<\/p>\n\n<p>&#8211; Per richiedere la rettifica di dati inesatti<\/p>\n\n<p>&#8211; Richiedere la loro cancellazione quando, tra le altre ragioni, i dati non sono pi\u00f9 necessari per le finalit\u00e0 per cui sono stati raccolti.<\/p>\n\n<p>&#8211; In alcune circostanze, puoi richiedere di limitare l&#8217;elaborazione dei tuoi dati, nel qual caso li conserveremo solo allo scopo di perseguire o difendere le richieste di risarcimento.<\/p>\n\n<p>&#8211; Inoltre, in determinate circostanze e per motivi legati alla tua situazione particolare, gli interessati possono opporsi al trattamento dei loro dati. In tal caso, Prodity interromper\u00e0 il trattamento dei dati, ad eccezione di motivi legittimi impellenti o dell&#8217;esercizio o della difesa di eventuali diritti. <\/p>\n\n<p>&#8211; In qualit\u00e0 di soggetto interessato, hai il diritto alla portabilit\u00e0 dei dati e hai il diritto di far trasmettere i tuoi dati personali direttamente dal titolare del trattamento al titolare del trattamento, ove tecnicamente fattibile.<\/p>\n\n<h2 class=\"wp-block-heading\">CON QUALI TERZE PARTI CONDIVIDIAMO I TUOI DATI?<\/h2>\n\n<p>Al fine di offrirti il miglior servizio, potremo condividere i tuoi dati solo con ESPIRAL MICROSISTEMAS, S.L.U., un&#8217;azienda che fa parte del gruppo imprenditoriale a cui Prodity appartiene, e solo allo scopo di adempiere agli obblighi contrattuali che ci legano in modo pi\u00f9 efficiente ed efficace. Il trattamento che ESPIRAL riserva ai dati personali forniti \u00e8 assolutamente confidenziale, in quanto applicher\u00e0 le stesse misure di sicurezza che si applicano a tutte le societ\u00e0 del gruppo, e sar\u00e0 effettuato in conformit\u00e0 alle finalit\u00e0 sopra indicate. <\/p>\n\n<p>Non venderemo o trasferiremo mai i tuoi dati a terzi, a meno che tu non ci autorizzi espressamente a farlo o a meno che non ci venga richiesto dalla legge o da un&#8217;autorit\u00e0 giudiziaria.<\/p>\n\n<p>Come indicato in precedenza, in alcune situazioni lavoriamo con partner o collaboratori che forniscono parte dei nostri servizi. Questi fornitori possono utilizzare i tuoi dati solo per fornire i servizi in questione. Non possono utilizzare queste informazioni per i propri scopi o trasmetterle a terzi.  <\/p>\n\n<h2 class=\"wp-block-heading\">DOVE SONO CONSERVATI I TUOI DATI?<\/h2>\n\n<p>Utilizziamo diverse applicazioni per elaborare alcuni dati. Per garantire la tua privacy, queste applicazioni sono soggette a rigide normative e i dati vengono sempre archiviati all&#8217;interno dell&#8217;Unione Europea. <\/p>\n\n<h2 class=\"wp-block-heading\">SICUREZZA E RISERVATEZZA DEI TUOI DATI<\/h2>\n\n<p>Prodity si impegna a garantire la sicurezza delle informazioni che gestisce e a rispettare i requisiti di legge che le riguardano.  <\/p>\n\n<p>In questo senso, al fine di garantire la riservatezza, la disponibilit\u00e0 e l&#8217;integrit\u00e0 sia delle informazioni che trattiamo (e, in particolare, dei dati personali), sia dei sistemi, delle reti, delle applicazioni e dei database utilizzati per il loro trattamento, in Prodity:<\/p>\n\n<p>&#8211; Effettuiamo regolarmente valutazioni dei rischi associati alla sicurezza delle informazioni e alla protezione dei dati personali, analizzando la nostra situazione di rischio e definendo piani d&#8217;azione di conseguenza.<\/p>\n\n<p>&#8211; Abbiamo la certificazione ISO 27000 rilasciata da AENOR.<\/p>\n\n<p>&#8211; \u00c8 stata definita una politica di sicurezza delle informazioni e abbiamo procedure interne di protezione dei dati che devono essere rispettate dalle diverse parti coinvolte nel trattamento delle informazioni.<\/p>\n\n<p>&#8211; Sono state sviluppate azioni di sensibilizzazione e formazione per il personale interno dell&#8217;organizzazione, necessarie per garantire il rispetto di queste politiche e procedure.<\/p>\n\n<p>Nel caso in cui, in qualit\u00e0 di utente o di parte interessata, rilevi un incidente o una violazione della sicurezza, o una vulnerabilit\u00e0 che potrebbe essere compromessa, Prodity mette a disposizione delle persone interessate l&#8217;indirizzo: <a href=\"mailto:dpo@proditysoftware.com\">dpo@proditysoftware.com,<\/a> attraverso il quale potrai effettuare tutte le comunicazioni che riterrai opportune o necessarie per migliorare la sicurezza delle nostre informazioni e dei nostri sistemi.<\/p>\n\n<h2 class=\"wp-block-heading\">PER QUANTO TEMPO CONSERVIAMO I TUOI DATI?<\/h2>\n\n<p>I dati dell&#8217;utente saranno conservati per il periodo necessario all&#8217;adempimento di ciascuna finalit\u00e0, alle disposizioni di legge applicabili, agli obblighi contrattuali e alle aspettative e ai requisiti dei nostri clienti o fino a quando l&#8217;utente non richieda a Prodity di annullare l&#8217;iscrizione, non si opponga o non revochi il proprio consenso.<\/p>\n\n<h2 class=\"wp-block-heading\">MODIFICHE ALLA NOSTRA POLITICA SULLA PRIVACY<\/h2>\n\n<p>Nel caso in cui la nostra politica di protezione dei dati dovesse cambiare a seguito di modifiche alla legislazione o ai criteri emanati dall&#8217;Agenzia spagnola per la protezione dei dati, l&#8217;utente sar\u00e0 debitamente informato delle modifiche che potrebbero essere necessarie per conformarsi alla legge.<\/p>\n\n<p><a href=\"https:\/\/prosafetysoftware.com\/politica-tratamiento-de-datos#_ftnref1\" target=\"_blank\" rel=\"noopener\">[1]<\/a> Se vuoi controllare le informazioni che otteniamo automaticamente dai social network, puoi farlo attraverso le opzioni del tuo profilo in ciascuno dei social network in cui hai un account. A tal fine, devi accedere al social network e gestire dal tuo profilo utente le informazioni che permetti al network di rendere pubbliche e a chi permetti di accedervi. <\/p>\n\n<div style=\"height:80px\" aria-hidden=\"true\" class=\"wp-block-spacer\"><\/div>\n","protected":false},"excerpt":{"rendered":"<p>Politica di trattamento dei dati Dal 25 maggio 2018 si applica il Regolamento Generale sulla Protezione dei Dati (di seguito &#8220;GDPR&#8221;) e noi di Prodity teniamo alla tua privacy e alla protezione dei tuoi dati. In questa Informativa sul trattamento dei dati personali ti spieghiamo quali dati personali raccogliamo e come li utilizziamo. Abbiamo cercato [&hellip;]<\/p>\n","protected":false},"author":1,"featured_media":0,"parent":0,"menu_order":0,"comment_status":"closed","ping_status":"closed","template":"","meta":{"inline_featured_image":false,"footnotes":""},"class_list":["post-8266","page","type-page","status-publish","hentry"],"_links":{"self":[{"href":"https:\/\/proditysoftware.com\/it\/wp-json\/wp\/v2\/pages\/8266","targetHints":{"allow":["GET"]}}],"collection":[{"href":"https:\/\/proditysoftware.com\/it\/wp-json\/wp\/v2\/pages"}],"about":[{"href":"https:\/\/proditysoftware.com\/it\/wp-json\/wp\/v2\/types\/page"}],"author":[{"embeddable":true,"href":"https:\/\/proditysoftware.com\/it\/wp-json\/wp\/v2\/users\/1"}],"replies":[{"embeddable":true,"href":"https:\/\/proditysoftware.com\/it\/wp-json\/wp\/v2\/comments?post=8266"}],"version-history":[{"count":1,"href":"https:\/\/proditysoftware.com\/it\/wp-json\/wp\/v2\/pages\/8266\/revisions"}],"predecessor-version":[{"id":8267,"href":"https:\/\/proditysoftware.com\/it\/wp-json\/wp\/v2\/pages\/8266\/revisions\/8267"}],"wp:attachment":[{"href":"https:\/\/proditysoftware.com\/it\/wp-json\/wp\/v2\/media?parent=8266"}],"curies":[{"name":"wp","href":"https:\/\/api.w.org\/{rel}","templated":true}]}}