{"id":8291,"date":"2024-09-04T18:17:57","date_gmt":"2024-09-04T16:17:57","guid":{"rendered":"https:\/\/proditysoftware.com\/caratteristiche-del-prodotto\/"},"modified":"2026-04-13T13:59:00","modified_gmt":"2026-04-13T11:59:00","slug":"caratteristiche-del-prodotto","status":"publish","type":"page","link":"https:\/\/proditysoftware.com\/it\/caratteristiche-del-prodotto\/","title":{"rendered":"Caratteristiche del prodotto"},"content":{"rendered":"\n<div class=\"wp-block-group has-global-padding is-layout-constrained wp-block-group-is-layout-constrained\">\n<div class=\"wp-block-columns are-vertically-aligned-center is-layout-flex wp-container-core-columns-is-layout-28f84493 wp-block-columns-is-layout-flex\">\n<div class=\"wp-block-column is-vertically-aligned-center is-layout-flow wp-block-column-is-layout-flow\">\n<div class=\"wp-block-group has-global-padding is-content-justification-left is-layout-constrained wp-container-core-group-is-layout-a51b67cd wp-block-group-is-layout-constrained\">\n<h1 class=\"wp-block-heading\">Caratteristiche del prodotto<\/h1>\n\n\n\n<p style=\"margin-top:16px\">Cosa ci rende diversi?<\/p>\n<\/div>\n<\/div>\n\n\n\n<div class=\"wp-block-column is-vertically-aligned-center is-layout-flow wp-block-column-is-layout-flow\">\n<figure class=\"wp-block-image alignright size-large\"><img decoding=\"async\" width=\"166\" height=\"190\" src=\"https:\/\/proditysoftware.com\/wp-content\/uploads\/2024\/09\/Vector.svg\" alt=\"s\" class=\"wp-image-302\"\/><\/figure>\n<\/div>\n<\/div>\n<\/div>\n\n\n\n<div class=\"wp-block-group hmf-grp has-global-padding is-layout-constrained wp-block-group-is-layout-constrained\">\n<div class=\"wp-block-columns are-vertically-aligned-center is-layout-flex wp-container-core-columns-is-layout-d4fcb6f9 wp-block-columns-is-layout-flex\">\n<div class=\"wp-block-column is-vertically-aligned-center ord-2-res is-layout-flow wp-block-column-is-layout-flow\">\n<div class=\"wp-block-group has-global-padding is-layout-constrained wp-container-core-group-is-layout-1e17d720 wp-block-group-is-layout-constrained\">\n<h2 class=\"wp-block-heading\">Strumento <mark style=\"background-color:#ffffff\" class=\"has-inline-color has-corp-color\">modulare e flessibile<\/mark><\/h2>\n\n\n\n<p>Prodity ti permette di acquistare i moduli di cui hai realmente bisogno.<\/p>\n\n\n\n<ul class=\"wp-block-list li-res-24\">\n<li>Libera scelta di moduli<\/li>\n<\/ul>\n\n\n\n<p style=\"padding-left:32px\">Non importa che si trovino in dimensioni diverse di Prodity, non sei limitato a un insieme di funzionalit\u00e0, ma puoi scegliere quelle pi\u00f9 adatte a te.<\/p>\n\n\n\n<ul class=\"wp-block-list li-res-24\">\n<li>Personalizzazione su misura<\/li>\n<\/ul>\n\n\n\n<p style=\"padding-left:32px\">Offriamo la possibilit\u00e0 di personalizzare il modulo con il nostro editor di checklist.<\/p>\n<\/div>\n<\/div>\n\n\n\n<div class=\"wp-block-column is-vertically-aligned-center is-layout-flow wp-block-column-is-layout-flow\">\n<div class=\"wp-block-group has-global-padding is-content-justification-right is-layout-constrained wp-container-core-group-is-layout-b867aba5 wp-block-group-is-layout-constrained\">\n<figure class=\"wp-block-image size-large has-custom-border\"><img decoding=\"async\" src=\"https:\/\/proditysoftware.com\/wp-content\/uploads\/2026\/04\/img-mod-IT-1.png\" alt=\"Prodity: Strumento modulare e flessibile\" style=\"border-radius:16px\"\/><\/figure>\n<\/div>\n<\/div>\n<\/div>\n<\/div>\n\n\n\n<div class=\"wp-block-group has-global-padding is-layout-constrained wp-block-group-is-layout-constrained\">\n<div class=\"wp-block-columns are-vertically-aligned-center is-layout-flex wp-container-core-columns-is-layout-d4fcb6f9 wp-block-columns-is-layout-flex\">\n<div class=\"wp-block-column is-vertically-aligned-center is-layout-flow wp-block-column-is-layout-flow\">\n<div class=\"wp-block-group has-global-padding is-content-justification-left is-layout-constrained wp-container-core-group-is-layout-dcab8037 wp-block-group-is-layout-constrained\">\n<figure class=\"wp-block-image size-full has-custom-border\"><img decoding=\"async\" width=\"606\" height=\"370\" src=\"https:\/\/proditysoftware.com\/wp-content\/uploads\/2024\/09\/IMG-3.jpg\" alt=\"IMG\" class=\"wp-image-914\" style=\"border-radius:16px\" srcset=\"https:\/\/proditysoftware.com\/wp-content\/uploads\/2024\/09\/IMG-3.jpg 606w, https:\/\/proditysoftware.com\/wp-content\/uploads\/2024\/09\/IMG-3-300x183.jpg 300w\" sizes=\"(max-width: 606px) 100vw, 606px\" \/><\/figure>\n<\/div>\n<\/div>\n\n\n\n<div class=\"wp-block-column is-vertically-aligned-center is-layout-flow wp-block-column-is-layout-flow\">\n<div class=\"wp-block-group has-global-padding is-layout-constrained wp-container-core-group-is-layout-1e17d720 wp-block-group-is-layout-constrained\">\n<h2 class=\"wp-block-heading\">Integrazione <mark style=\"background-color:#ffffff\" class=\"has-inline-color has-corp-color\">API<\/mark><\/h2>\n\n\n\n<p>Prodity si integra con i tuoi strumenti aziendali in modo agile e sicuro.<\/p>\n\n\n\n<ul class=\"wp-block-list li-res-24\">\n<li>Sfrutta tutte le nostre funzionalit\u00e0 e ottimizza i tuoi processi.<\/li>\n<\/ul>\n\n\n\n<p style=\"padding-left:32px\">I nostri clienti gi\u00e0 automatizzano i loro processi con le nostre API.<\/p>\n\n\n\n<ul class=\"wp-block-list li-res-24\">\n<li>Documentazione dettagliata<\/li>\n<\/ul>\n\n\n\n<p style=\"padding-left:32px\">La nostra guida tecnica fornisce tutte le informazioni necessarie con esempi pratici.<\/p>\n<\/div>\n<\/div>\n<\/div>\n<\/div>\n\n\n\n<div class=\"wp-block-group caract-grp-lst has-global-padding is-layout-constrained wp-block-group-is-layout-constrained\">\n<h2 class=\"wp-block-heading has-text-align-center\">Caratteristiche<\/h2>\n\n\n\n<p class=\"has-text-align-center\" style=\"margin-top:16px\">Cosa ci rende diversi?<\/p>\n\n\n\n<div class=\"wp-block-group caract-grid-lst is-content-justification-center is-layout-flex wp-container-core-group-is-layout-b02886af wp-block-group-is-layout-flex\">\n<div class=\"wp-block-group wp-container-content-8f9e1988 has-global-padding is-layout-constrained wp-block-group-is-layout-constrained\">\n<ul class=\"wp-block-list li-res-24\">\n<li>Facile da usare<\/li>\n\n\n\n<li>Chat integrata<\/li>\n\n\n\n<li>Notifiche automatiche<\/li>\n\n\n\n<li>Lettore QR<\/li>\n\n\n\n<li>Multi-lingua<\/li>\n<\/ul>\n<\/div>\n\n\n\n<ul class=\"wp-block-list li-res-24\">\n<li>Integrazione con il calendario elettronico<\/li>\n\n\n\n<li>Cloud SaaS<\/li>\n\n\n\n<li>Firma digitale<\/li>\n\n\n\n<li>GPS<\/li>\n\n\n\n<li>Mobile offline<\/li>\n<\/ul>\n<\/div>\n<\/div>\n","protected":false},"excerpt":{"rendered":"<p>Caratteristiche del prodotto Cosa ci rende diversi? Strumento modulare e flessibile Prodity ti permette di acquistare i moduli di cui hai realmente bisogno. Non importa che si trovino in dimensioni diverse di Prodity, non sei limitato a un insieme di funzionalit\u00e0, ma puoi scegliere quelle pi\u00f9 adatte a te. Offriamo la possibilit\u00e0 di personalizzare il [&hellip;]<\/p>\n","protected":false},"author":1,"featured_media":8292,"parent":0,"menu_order":0,"comment_status":"closed","ping_status":"closed","template":"","meta":{"inline_featured_image":false,"footnotes":""},"class_list":["post-8291","page","type-page","status-publish","has-post-thumbnail","hentry"],"_links":{"self":[{"href":"https:\/\/proditysoftware.com\/it\/wp-json\/wp\/v2\/pages\/8291","targetHints":{"allow":["GET"]}}],"collection":[{"href":"https:\/\/proditysoftware.com\/it\/wp-json\/wp\/v2\/pages"}],"about":[{"href":"https:\/\/proditysoftware.com\/it\/wp-json\/wp\/v2\/types\/page"}],"author":[{"embeddable":true,"href":"https:\/\/proditysoftware.com\/it\/wp-json\/wp\/v2\/users\/1"}],"replies":[{"embeddable":true,"href":"https:\/\/proditysoftware.com\/it\/wp-json\/wp\/v2\/comments?post=8291"}],"version-history":[{"count":5,"href":"https:\/\/proditysoftware.com\/it\/wp-json\/wp\/v2\/pages\/8291\/revisions"}],"predecessor-version":[{"id":9182,"href":"https:\/\/proditysoftware.com\/it\/wp-json\/wp\/v2\/pages\/8291\/revisions\/9182"}],"wp:featuredmedia":[{"embeddable":true,"href":"https:\/\/proditysoftware.com\/it\/wp-json\/wp\/v2\/media\/8292"}],"wp:attachment":[{"href":"https:\/\/proditysoftware.com\/it\/wp-json\/wp\/v2\/media?parent=8291"}],"curies":[{"name":"wp","href":"https:\/\/api.w.org\/{rel}","templated":true}]}}