{"id":8316,"date":"2025-02-25T13:01:32","date_gmt":"2025-02-25T12:01:32","guid":{"rendered":"https:\/\/proditysoftware.com\/certificazioni-di-qualita\/"},"modified":"2026-04-06T10:42:58","modified_gmt":"2026-04-06T08:42:58","slug":"certificazioni-di-qualita","status":"publish","type":"page","link":"https:\/\/proditysoftware.com\/it\/certificazioni-di-qualita\/","title":{"rendered":"Certificazioni di qualit\u00e0"},"content":{"rendered":"\n<div class=\"wp-block-group cert-grp-1 has-global-padding is-layout-constrained wp-block-group-is-layout-constrained\">\n<div class=\"wp-block-columns are-vertically-aligned-center is-layout-flex wp-container-core-columns-is-layout-28f84493 wp-block-columns-is-layout-flex\">\n<div class=\"wp-block-column is-vertically-aligned-center is-layout-flow wp-block-column-is-layout-flow\">\n<div class=\"wp-block-group has-global-padding is-content-justification-left is-layout-constrained wp-container-core-group-is-layout-a51b67cd wp-block-group-is-layout-constrained\">\n<h1 class=\"wp-block-heading\">Qualit\u00e0 certificata<\/h1>\n\n\n\n<p style=\"margin-top:16px\">Il nostro impegno per l&#8217;eccellenza \u00e8 supportato da certificazioni di qualit\u00e0 riconosciute. Questi accreditamenti riflettono i nostri standard elevati e la nostra dedizione al miglioramento continuo. <\/p>\n<\/div>\n<\/div>\n\n\n\n<div class=\"wp-block-column is-vertically-aligned-center is-layout-flow wp-block-column-is-layout-flow\">\n<figure class=\"wp-block-image alignright size-large\"><img decoding=\"async\" width=\"166\" height=\"190\" src=\"https:\/\/proditysoftware.com\/wp-content\/uploads\/2024\/09\/Vector.svg\" alt=\"s\" class=\"wp-image-302\"\/><\/figure>\n<\/div>\n<\/div>\n<\/div>\n\n<div class=\"wp-block-group hmf-grp cert-grp-2 has-global-padding is-layout-constrained wp-block-group-is-layout-constrained\">\n<div class=\"wp-block-columns are-vertically-aligned-center is-layout-flex wp-container-core-columns-is-layout-8e96f76c wp-block-columns-is-layout-flex\">\n<div class=\"wp-block-column is-vertically-aligned-center is-layout-flow wp-block-column-is-layout-flow\">\n<div class=\"wp-block-group has-background is-content-justification-center is-nowrap is-layout-flex wp-container-core-group-is-layout-02eb3949 wp-block-group-is-layout-flex\" style=\"border-radius:8px;background-color:#f7f4f4;min-height:370px;padding-top:32px;padding-right:32px;padding-bottom:32px;padding-left:32px\">\n<div class=\"wp-block-group row-gap-16 is-content-justification-center is-layout-flex wp-container-core-group-is-layout-20d70fca wp-block-group-is-layout-flex\">\n<figure class=\"wp-block-image size-full is-resized\"><img decoding=\"async\" width=\"540\" height=\"243\" src=\"https:\/\/proditysoftware.com\/wp-content\/uploads\/2025\/02\/SEKUENS.png\" alt=\"SEKUENS\" class=\"wp-image-1687\" style=\"width:auto;height:121px\" srcset=\"https:\/\/proditysoftware.com\/wp-content\/uploads\/2025\/02\/SEKUENS.png 540w, https:\/\/proditysoftware.com\/wp-content\/uploads\/2025\/02\/SEKUENS-300x135.png 300w\" sizes=\"(max-width: 540px) 100vw, 540px\" \/><\/figure>\n\n\n\n<figure class=\"wp-block-image size-full is-resized\"><img decoding=\"async\" width=\"540\" height=\"244\" src=\"https:\/\/proditysoftware.com\/wp-content\/uploads\/2025\/02\/COUE-1.png\" alt=\"EUOC\" class=\"wp-image-1683\" style=\"width:auto;height:121px\" srcset=\"https:\/\/proditysoftware.com\/wp-content\/uploads\/2025\/02\/COUE-1.png 540w, https:\/\/proditysoftware.com\/wp-content\/uploads\/2025\/02\/COUE-1-300x136.png 300w\" sizes=\"(max-width: 540px) 100vw, 540px\" \/><\/figure>\n<\/div>\n<\/div>\n<\/div>\n\n\n\n<div class=\"wp-block-column is-vertically-aligned-center ord-2-res is-layout-flow wp-block-column-is-layout-flow\">\n<div class=\"wp-block-group has-global-padding is-layout-constrained wp-container-core-group-is-layout-1e17d720 wp-block-group-is-layout-constrained\">\n<h2 class=\"wp-block-heading\">Sviluppo di un sistema per l&#8217;analisi dei dati e per un processo decisionale agile in merito alla concessione di <mark style=\"background-color:rgba(0, 0, 0, 0)\" class=\"has-inline-color has-corp-color\">permessi per lavori<\/mark> ad alto rischio nell&#8217;industria<\/h2>\n\n\n\n<p>Il Governo del Principato delle Asturie, attraverso l&#8217;Agenzia per la Scienza, la Competitivit\u00e0 delle Imprese e l&#8217;Innovazione delle Asturie (SEKUENS) e il Piano per la Scienza, la Tecnologia e l&#8217;Innovazione (PCTI); e l&#8217;Unione Europea attraverso il FESR, hanno sostenuto nell&#8217;ambito del programma RIS3-Impresa il progetto &#8220;Sviluppo di un sistema per l&#8217;analisi dei dati e un processo decisionale agile per quanto riguarda la concessione di permessi per lavori ad alto rischio nell&#8217;industria&#8221; con numero di pratica IDE\/2023\/000394 con l&#8217;obiettivo di sviluppare una piattaforma per la generazione di permessi per l&#8217;accesso a lavori pericolosi basata sulla scansione di codici QR.<\/p>\n<\/div>\n<\/div>\n<\/div>\n<\/div>\n\n<div class=\"wp-block-group hmf-grp cert-grp-2 has-global-padding is-layout-constrained wp-block-group-is-layout-constrained\">\n<div class=\"wp-block-columns are-vertically-aligned-center is-layout-flex wp-container-core-columns-is-layout-8e96f76c wp-block-columns-is-layout-flex\">\n<div class=\"wp-block-column is-vertically-aligned-center ord-2-res is-layout-flow wp-block-column-is-layout-flow\">\n<div class=\"wp-block-group has-global-padding is-layout-constrained wp-container-core-group-is-layout-1e17d720 wp-block-group-is-layout-constrained\">\n<h2 class=\"wp-block-heading\">Sviluppare una piattaforma per la <mark style=\"background-color:rgba(0, 0, 0, 0)\" class=\"has-inline-color has-corp-color\">sostenibilit\u00e0<\/mark> aziendale<\/h2>\n\n\n\n<p>Il Governo del Principato delle Asturie, attraverso l&#8217;Agenzia per la Scienza, la Competitivit\u00e0 delle Imprese e l&#8217;Innovazione delle Asturie (SEKUENS) e il Piano per la Scienza, la Tecnologia e l&#8217;Innovazione (PCTI), e l&#8217;Unione Europea attraverso il FESR, hanno sostenuto nell&#8217;ambito del Programma RIS3-Impresa il progetto &#8220;Sviluppo di una piattaforma per la sostenibilit\u00e0 aziendale&#8221; con numero di pratica IDE\/2024\/000467 con l&#8217;obiettivo di sviluppare una piattaforma in grado di gestire la sostenibilit\u00e0 all&#8217;interno di un&#8217;azienda.<\/p>\n<\/div>\n<\/div>\n\n\n\n<div class=\"wp-block-column is-vertically-aligned-center is-layout-flow wp-block-column-is-layout-flow\">\n<div class=\"wp-block-group has-background is-content-justification-center is-nowrap is-layout-flex wp-container-core-group-is-layout-02eb3949 wp-block-group-is-layout-flex\" style=\"border-radius:8px;background-color:#f7f4f4;min-height:370px;padding-top:32px;padding-right:32px;padding-bottom:32px;padding-left:32px\">\n<div class=\"wp-block-group row-gap-16 is-content-justification-center is-layout-flex wp-container-core-group-is-layout-20d70fca wp-block-group-is-layout-flex\">\n<figure class=\"wp-block-image size-full is-resized\"><img decoding=\"async\" width=\"540\" height=\"243\" src=\"https:\/\/proditysoftware.com\/wp-content\/uploads\/2025\/02\/SEKUENS.png\" alt=\"SEKUENS\" class=\"wp-image-1687\" style=\"width:auto;height:121px\" srcset=\"https:\/\/proditysoftware.com\/wp-content\/uploads\/2025\/02\/SEKUENS.png 540w, https:\/\/proditysoftware.com\/wp-content\/uploads\/2025\/02\/SEKUENS-300x135.png 300w\" sizes=\"(max-width: 540px) 100vw, 540px\" \/><\/figure>\n\n\n\n<figure class=\"wp-block-image size-full is-resized\"><img decoding=\"async\" width=\"540\" height=\"244\" src=\"https:\/\/proditysoftware.com\/wp-content\/uploads\/2025\/02\/COUE-1.png\" alt=\"EUOC\" class=\"wp-image-1683\" style=\"width:auto;height:121px\" srcset=\"https:\/\/proditysoftware.com\/wp-content\/uploads\/2025\/02\/COUE-1.png 540w, https:\/\/proditysoftware.com\/wp-content\/uploads\/2025\/02\/COUE-1-300x136.png 300w\" sizes=\"(max-width: 540px) 100vw, 540px\" \/><\/figure>\n<\/div>\n<\/div>\n<\/div>\n<\/div>\n<\/div>\n\n<div class=\"wp-block-group hmf-grp cert-grp-2 has-global-padding is-layout-constrained wp-block-group-is-layout-constrained\">\n<div class=\"wp-block-columns are-vertically-aligned-center is-layout-flex wp-container-core-columns-is-layout-8e96f76c wp-block-columns-is-layout-flex\">\n<div class=\"wp-block-column is-vertically-aligned-center is-layout-flow wp-block-column-is-layout-flow\">\n<div class=\"wp-block-group has-background is-content-justification-center is-nowrap is-layout-flex wp-container-core-group-is-layout-02eb3949 wp-block-group-is-layout-flex\" style=\"border-radius:8px;background-color:#f7f4f4;min-height:370px;padding-top:32px;padding-right:32px;padding-bottom:32px;padding-left:32px\">\n<div class=\"wp-block-group row-gap-16 is-content-justification-center is-layout-flex wp-container-core-group-is-layout-20d70fca wp-block-group-is-layout-flex\">\n<figure class=\"wp-block-image size-full is-resized\"><img decoding=\"async\" width=\"540\" height=\"243\" src=\"https:\/\/proditysoftware.com\/wp-content\/uploads\/2025\/02\/SEKUENS.png\" alt=\"SEKUENS\" class=\"wp-image-1687\" style=\"width:auto;height:121px\" srcset=\"https:\/\/proditysoftware.com\/wp-content\/uploads\/2025\/02\/SEKUENS.png 540w, https:\/\/proditysoftware.com\/wp-content\/uploads\/2025\/02\/SEKUENS-300x135.png 300w\" sizes=\"(max-width: 540px) 100vw, 540px\" \/><\/figure>\n\n\n\n<figure class=\"wp-block-image size-full is-resized\"><img decoding=\"async\" width=\"540\" height=\"244\" src=\"https:\/\/proditysoftware.com\/wp-content\/uploads\/2025\/02\/COUE-1.png\" alt=\"EUOC\" class=\"wp-image-1683\" style=\"width:auto;height:121px\" srcset=\"https:\/\/proditysoftware.com\/wp-content\/uploads\/2025\/02\/COUE-1.png 540w, https:\/\/proditysoftware.com\/wp-content\/uploads\/2025\/02\/COUE-1-300x136.png 300w\" sizes=\"(max-width: 540px) 100vw, 540px\" \/><\/figure>\n<\/div>\n<\/div>\n<\/div>\n\n\n\n<div class=\"wp-block-column is-vertically-aligned-center ord-2-res is-layout-flow wp-block-column-is-layout-flow\">\n<div class=\"wp-block-group has-global-padding is-layout-constrained wp-container-core-group-is-layout-1e17d720 wp-block-group-is-layout-constrained\">\n<h2 class=\"wp-block-heading\">Piano di <mark style=\"background-color:rgba(0, 0, 0, 0)\" class=\"has-inline-color has-corp-color\">internazionalizzazione<\/mark><br\/>Sicurezza 2024<\/h2>\n\n\n\n<p>Il Governo del Principato delle Asturie, attraverso l&#8217;Agenzia SEKUENS, e l&#8217;Unione Europea, attraverso il FESR, hanno cofinanziato il progetto &#8220;Prosafety 2024 Internationalisation Plan&#8221; (IDE\/2024\/000155) con l&#8217;obiettivo di promuovere Prosafety come software as a service (SaaS) nel mercato latinoamericano.<\/p>\n<\/div>\n<\/div>\n<\/div>\n<\/div>\n\n<div class=\"wp-block-group cert-grp-3 has-global-padding is-layout-constrained wp-block-group-is-layout-constrained\">\n<div class=\"wp-block-columns are-vertically-aligned-center is-layout-flex wp-container-core-columns-is-layout-8e96f76c wp-block-columns-is-layout-flex\">\n<div class=\"wp-block-column is-vertically-aligned-center is-layout-flow wp-block-column-is-layout-flow\">\n<div class=\"wp-block-group has-global-padding is-layout-constrained wp-container-core-group-is-layout-1e17d720 wp-block-group-is-layout-constrained\">\n<h2 class=\"wp-block-heading\">Sviluppo di una piattaforma <mark style=\"background-color:rgba(0, 0, 0, 0)\" class=\"has-inline-color has-corp-color\">scalabile per la sicurezza sul posto di lavoro<\/mark> per l&#8217;Industria 4.0<\/h2>\n\n\n\n<p>Il Governo del Principato delle Asturie, attraverso IDEPA e il Piano per la Scienza, la Tecnologia e l&#8217;Innovazione (PCTI) 2018-2022, e l&#8217;Unione Europea, attraverso FEDER, hanno sostenuto il progetto &#8220;Sviluppo di una piattaforma scalabile per la sicurezza sul lavoro per l&#8217;Industria 4.0&#8221; con numero di pratica IDE\/2022\/000434 con l&#8217;obiettivo di costruire una nuova piattaforma altamente scalabile per la sicurezza sul lavoro.<\/p>\n<\/div>\n<\/div>\n\n\n\n<div class=\"wp-block-column is-vertically-aligned-center is-layout-flow wp-block-column-is-layout-flow\">\n<div class=\"wp-block-group has-background is-vertical is-content-justification-center is-layout-flex wp-container-core-group-is-layout-322c101b wp-block-group-is-layout-flex\" style=\"border-radius:8px;background-color:#f7f4f4;min-height:370px;padding-top:32px;padding-right:32px;padding-bottom:32px;padding-left:32px\">\n<div class=\"wp-block-group row-gap-16 is-content-justification-center is-layout-flex wp-container-core-group-is-layout-20d70fca wp-block-group-is-layout-flex\">\n<figure class=\"wp-block-image size-full is-resized\"><img decoding=\"async\" width=\"540\" height=\"244\" src=\"https:\/\/proditysoftware.com\/wp-content\/uploads\/2025\/02\/COUE-1.png\" alt=\"EUOC\" class=\"wp-image-1683\" style=\"width:auto;height:121px\" srcset=\"https:\/\/proditysoftware.com\/wp-content\/uploads\/2025\/02\/COUE-1.png 540w, https:\/\/proditysoftware.com\/wp-content\/uploads\/2025\/02\/COUE-1-300x136.png 300w\" sizes=\"(max-width: 540px) 100vw, 540px\" \/><\/figure>\n\n\n\n<figure class=\"wp-block-image size-full is-resized\"><img decoding=\"async\" width=\"540\" height=\"242\" src=\"https:\/\/proditysoftware.com\/wp-content\/uploads\/2025\/02\/iasturias.png\" alt=\"\" class=\"wp-image-1685\" style=\"width:auto;height:121px\" srcset=\"https:\/\/proditysoftware.com\/wp-content\/uploads\/2025\/02\/iasturias.png 540w, https:\/\/proditysoftware.com\/wp-content\/uploads\/2025\/02\/iasturias-300x134.png 300w\" sizes=\"(max-width: 540px) 100vw, 540px\" \/><\/figure>\n<\/div>\n\n\n\n<div class=\"wp-block-group row-gap-16 is-content-justification-center is-nowrap is-layout-flex wp-container-core-group-is-layout-5df56ab1 wp-block-group-is-layout-flex\">\n<figure class=\"wp-block-image size-full is-resized\"><img decoding=\"async\" width=\"540\" height=\"243\" src=\"https:\/\/proditysoftware.com\/wp-content\/uploads\/2025\/02\/SEKUENS.png\" alt=\"SEKUENS\" class=\"wp-image-1687\" style=\"width:auto;height:121px\" srcset=\"https:\/\/proditysoftware.com\/wp-content\/uploads\/2025\/02\/SEKUENS.png 540w, https:\/\/proditysoftware.com\/wp-content\/uploads\/2025\/02\/SEKUENS-300x135.png 300w\" sizes=\"(max-width: 540px) 100vw, 540px\" \/><\/figure>\n<\/div>\n<\/div>\n<\/div>\n<\/div>\n\n\n\n<div class=\"wp-block-columns are-vertically-aligned-center is-layout-flex wp-container-core-columns-is-layout-8e96f76c wp-block-columns-is-layout-flex\">\n<div class=\"wp-block-column is-vertically-aligned-center is-layout-flow wp-block-column-is-layout-flow\">\n<div class=\"wp-block-group has-background is-vertical is-content-justification-center is-layout-flex wp-container-core-group-is-layout-322c101b wp-block-group-is-layout-flex\" style=\"border-radius:8px;background-color:#f7f4f4;min-height:370px;padding-top:32px;padding-right:32px;padding-bottom:32px;padding-left:32px\">\n<div class=\"wp-block-group row-gap-16 is-content-justification-center is-layout-flex wp-container-core-group-is-layout-20d70fca wp-block-group-is-layout-flex\">\n<figure class=\"wp-block-image size-full is-resized\"><img decoding=\"async\" width=\"540\" height=\"244\" src=\"https:\/\/proditysoftware.com\/wp-content\/uploads\/2025\/02\/COUE-1.png\" alt=\"EUOC\" class=\"wp-image-1683\" style=\"width:auto;height:121px\" srcset=\"https:\/\/proditysoftware.com\/wp-content\/uploads\/2025\/02\/COUE-1.png 540w, https:\/\/proditysoftware.com\/wp-content\/uploads\/2025\/02\/COUE-1-300x136.png 300w\" sizes=\"(max-width: 540px) 100vw, 540px\" \/><\/figure>\n<\/div>\n\n\n\n<div class=\"wp-block-group row-gap-16 is-content-justification-center is-nowrap is-layout-flex wp-container-core-group-is-layout-5df56ab1 wp-block-group-is-layout-flex\">\n<figure class=\"wp-block-image size-full is-resized\"><img decoding=\"async\" width=\"540\" height=\"243\" src=\"https:\/\/proditysoftware.com\/wp-content\/uploads\/2025\/02\/SEKUENS.png\" alt=\"SEKUENS\" class=\"wp-image-1687\" style=\"width:auto;height:121px\" srcset=\"https:\/\/proditysoftware.com\/wp-content\/uploads\/2025\/02\/SEKUENS.png 540w, https:\/\/proditysoftware.com\/wp-content\/uploads\/2025\/02\/SEKUENS-300x135.png 300w\" sizes=\"(max-width: 540px) 100vw, 540px\" \/><\/figure>\n<\/div>\n<\/div>\n<\/div>\n\n\n\n<div class=\"wp-block-column is-vertically-aligned-center is-layout-flow wp-block-column-is-layout-flow\">\n<div class=\"wp-block-group has-global-padding is-layout-constrained wp-container-core-group-is-layout-1e17d720 wp-block-group-is-layout-constrained\">\n<h2 class=\"wp-block-heading\">Il Piano <mark style=\"background-color:rgba(0, 0, 0, 0)\" class=\"has-inline-color has-corp-color\">Internazionale<\/mark> 2025 di Prodity<\/h2>\n\n\n\n<p>Il Governo del Principato delle Asturie, attraverso l&#8217;Agenzia Asturiana per la Scienza, la Competitivit\u00e0 delle Imprese e l&#8217;Innovazione (SEKUENS) e l&#8217;Unione Europea attraverso il FESR, hanno cofinanziato il progetto &#8220;Piano Internazionale per Prodity 2025&#8221; con numero di pratica IDE\/2025\/000154 con l&#8217;obiettivo di promuovere Prodity come SaaS specializzato nel mercato latinoamericano.<\/p>\n<\/div>\n<\/div>\n<\/div>\n<\/div>\n\n<div class=\"wp-block-group caract-grp-lst cert-grp-4 has-global-padding is-layout-constrained wp-block-group-is-layout-constrained\">\n<h2 class=\"wp-block-heading has-text-align-center\">Certificazioni<\/h2>\n\n\n\n<p class=\"has-text-align-center\" style=\"margin-top:16px\">Cosa ci rende diversi?<\/p>\n\n\n\n<div class=\"wp-block-group caract-grid-lst is-content-justification-center is-layout-flex wp-container-core-group-is-layout-e4012172 wp-block-group-is-layout-flex\">\n<div class=\"wp-block-group wp-container-content-b24212c1 has-global-padding is-layout-constrained wp-container-core-group-is-layout-088e5cd2 wp-block-group-is-layout-constrained\" style=\"min-height:308px;padding-top:32px;padding-right:32px;padding-bottom:32px;padding-left:32px\">\n<figure class=\"wp-block-image aligncenter size-full is-resized\"><img decoding=\"async\" width=\"153\" height=\"128\" src=\"https:\/\/proditysoftware.com\/wp-content\/uploads\/2025\/02\/Marca-ER-ISO-9001INF-1-x2.png\" alt=\"Marchio ER ISO 9001INF\" class=\"wp-image-1662\" style=\"width:auto;height:64px\"\/><\/figure>\n\n\n\n<p class=\"has-text-align-center\">Prodity \u00e8 certificata da AENOR secondo la norma ISO 9001 per la &#8220;Progettazione e sviluppo di applicazioni web. Assistenza tecnica agli utenti del prodotto&#8221;.<\/p>\n<\/div>\n\n\n\n<div class=\"wp-block-group wp-container-content-b24212c1 has-global-padding is-layout-constrained wp-container-core-group-is-layout-088e5cd2 wp-block-group-is-layout-constrained\" style=\"min-height:308px;padding-top:32px;padding-right:32px;padding-bottom:32px;padding-left:32px\">\n<figure class=\"wp-block-image aligncenter size-full is-resized\"><img decoding=\"async\" width=\"155\" height=\"128\" src=\"https:\/\/proditysoftware.com\/wp-content\/uploads\/2025\/02\/Marca-ER-Segur_Info_27001_INF-x2.png\" alt=\"Marchio ER Segur_Info_27001\" class=\"wp-image-1660\" style=\"width:auto;height:64px\"\/><\/figure>\n\n\n\n<p class=\"has-text-align-center\">Prodity ha implementato un progetto di gestione sicura delle informazioni ed \u00e8 attualmente certificata ISO 27001.<\/p>\n<\/div>\n\n\n\n<div class=\"wp-block-group wp-container-content-b24212c1 has-global-padding is-layout-constrained wp-container-core-group-is-layout-088e5cd2 wp-block-group-is-layout-constrained\" style=\"min-height:308px;padding-top:32px;padding-right:32px;padding-bottom:32px;padding-left:32px\">\n<figure class=\"wp-block-image aligncenter size-full is-resized\"><img decoding=\"async\" width=\"153\" height=\"128\" src=\"https:\/\/proditysoftware.com\/wp-content\/uploads\/2025\/02\/Marca-ER-ges_ser_20000-1_INF-1-x2.png\" alt=\"Marchio ER ges_ser_20000-1\" class=\"wp-image-1674\" style=\"width:auto;height:64px\"\/><\/figure>\n\n\n\n<p class=\"has-text-align-center\">Nel 2010 ha ottenuto la certificazione ISO\/IEC 20000 per la &#8220;Gestione efficace dei servizi IT <br\/>&#8220;.<\/p>\n<\/div>\n\n\n\n<div class=\"wp-block-group wp-container-content-b24212c1 has-global-padding is-layout-constrained wp-container-core-group-is-layout-088e5cd2 wp-block-group-is-layout-constrained\" style=\"min-height:308px;padding-top:32px;padding-right:32px;padding-bottom:32px;padding-left:32px\">\n<figure class=\"wp-block-image aligncenter size-full is-resized\"><img decoding=\"async\" width=\"295\" height=\"250\" src=\"https:\/\/proditysoftware.com\/wp-content\/uploads\/2026\/02\/ISO-27017-1.png\" alt=\"\" class=\"wp-image-6580\" style=\"width:auto;height:64px\"\/><\/figure>\n\n\n\n<p class=\"has-text-align-center\">Prodity ha ottenuto la certificazione UNE-ISO\/IEC 27017, che garantisce la gestione della sicurezza delle informazioni.<\/p>\n<\/div>\n\n\n\n<div class=\"wp-block-group wp-container-content-b24212c1 has-global-padding is-layout-constrained wp-container-core-group-is-layout-088e5cd2 wp-block-group-is-layout-constrained\" style=\"min-height:308px;padding-top:32px;padding-right:32px;padding-bottom:32px;padding-left:32px\">\n<figure class=\"wp-block-image aligncenter size-full is-resized\"><img decoding=\"async\" width=\"383\" height=\"128\" src=\"https:\/\/proditysoftware.com\/wp-content\/uploads\/2025\/02\/ITIL-Logo-4-Colour-1-x2.png\" alt=\"ITIL-Logo-4-Colore  \" class=\"wp-image-1672\" style=\"width:auto;height:64px\" srcset=\"https:\/\/proditysoftware.com\/wp-content\/uploads\/2025\/02\/ITIL-Logo-4-Colour-1-x2.png 383w, https:\/\/proditysoftware.com\/wp-content\/uploads\/2025\/02\/ITIL-Logo-4-Colour-1-x2-300x100.png 300w\" sizes=\"(max-width: 383px) 100vw, 383px\" \/><\/figure>\n\n\n\n<p class=\"has-text-align-center\">Prodity utilizza le migliori pratiche di gestione dei servizi IT e il personale di <br\/>\u00e8 certificato in ITIL\u00ae.<\/p>\n<\/div>\n\n\n\n<div class=\"wp-block-group wp-container-content-b24212c1 has-global-padding is-layout-constrained wp-container-core-group-is-layout-088e5cd2 wp-block-group-is-layout-constrained\" style=\"min-height:308px;padding-top:32px;padding-right:32px;padding-bottom:32px;padding-left:32px\">\n<figure class=\"wp-block-image aligncenter size-full is-resized\"><img decoding=\"async\" width=\"175\" height=\"127\" src=\"https:\/\/proditysoftware.com\/wp-content\/uploads\/2025\/02\/cmmi-1-x2.png\" alt=\"cmmi 1\" class=\"wp-image-1670\" style=\"width:auto;height:64px\"\/><\/figure>\n\n\n\n<p class=\"has-text-align-center\">I nostri sviluppi tecnici soddisfano il livello 2 del CMMI, secondo la valutazione ufficiale effettuata dall&#8217;European Software Institute.  <\/p>\n<\/div>\n\n\n\n<div class=\"wp-block-group wp-container-content-b24212c1 has-global-padding is-layout-constrained wp-container-core-group-is-layout-088e5cd2 wp-block-group-is-layout-constrained\" style=\"min-height:308px;padding-top:32px;padding-right:32px;padding-bottom:32px;padding-left:32px\">\n<figure class=\"wp-block-image aligncenter size-full is-resized\"><img decoding=\"async\" src=\"https:\/\/proditysoftware.com\/wp-content\/uploads\/2025\/09\/08a5ae88-ee51-4e4c-80f3-944eb6aa40f7-1.svg\" alt=\"\" class=\"wp-image-4055\" style=\"width:auto;height:64px\"\/><\/figure>\n\n\n\n<p class=\"has-text-align-center\">I nostri clienti hanno riportato un alto livello di soddisfazione nei confronti di Capterra in relazione ai benefici ottenuti con la piattaforma rispetto all&#8217;investimento effettuato.<\/p>\n<\/div>\n\n\n\n<div class=\"wp-block-group wp-container-content-b24212c1 has-global-padding is-layout-constrained wp-container-core-group-is-layout-088e5cd2 wp-block-group-is-layout-constrained\" style=\"min-height:308px;padding-top:32px;padding-right:32px;padding-bottom:32px;padding-left:32px\">\n<figure class=\"wp-block-image aligncenter size-full is-resized\"><img decoding=\"async\" width=\"463\" height=\"222\" src=\"https:\/\/proditysoftware.com\/wp-content\/uploads\/2026\/01\/ENS_logo1.png\" alt=\"\" class=\"wp-image-6229\" style=\"width:auto;height:64px\" srcset=\"https:\/\/proditysoftware.com\/wp-content\/uploads\/2026\/01\/ENS_logo1.png 463w, https:\/\/proditysoftware.com\/wp-content\/uploads\/2026\/01\/ENS_logo1-300x144.png 300w\" sizes=\"(max-width: 463px) 100vw, 463px\" \/><\/figure>\n\n\n\n<p class=\"has-text-align-center\">Software EHSQ certificato con il Sistema di Sicurezza Nazionale (ENS) categoria MEDIA. Le tue informazioni, sicure e controllate   <\/p>\n<\/div>\n<\/div>\n<\/div>\n","protected":false},"excerpt":{"rendered":"<p>Qualit\u00e0 certificata Il nostro impegno per l&#8217;eccellenza \u00e8 supportato da certificazioni di qualit\u00e0 riconosciute. Questi accreditamenti riflettono i nostri standard elevati e la nostra dedizione al miglioramento continuo. Sviluppo di un sistema per l&#8217;analisi dei dati e per un processo decisionale agile in merito alla concessione di permessi per lavori ad alto rischio nell&#8217;industria Il [&hellip;]<\/p>\n","protected":false},"author":1,"featured_media":0,"parent":0,"menu_order":0,"comment_status":"closed","ping_status":"closed","template":"","meta":{"inline_featured_image":false,"footnotes":""},"class_list":["post-8316","page","type-page","status-publish","hentry"],"_links":{"self":[{"href":"https:\/\/proditysoftware.com\/it\/wp-json\/wp\/v2\/pages\/8316","targetHints":{"allow":["GET"]}}],"collection":[{"href":"https:\/\/proditysoftware.com\/it\/wp-json\/wp\/v2\/pages"}],"about":[{"href":"https:\/\/proditysoftware.com\/it\/wp-json\/wp\/v2\/types\/page"}],"author":[{"embeddable":true,"href":"https:\/\/proditysoftware.com\/it\/wp-json\/wp\/v2\/users\/1"}],"replies":[{"embeddable":true,"href":"https:\/\/proditysoftware.com\/it\/wp-json\/wp\/v2\/comments?post=8316"}],"version-history":[{"count":1,"href":"https:\/\/proditysoftware.com\/it\/wp-json\/wp\/v2\/pages\/8316\/revisions"}],"predecessor-version":[{"id":8338,"href":"https:\/\/proditysoftware.com\/it\/wp-json\/wp\/v2\/pages\/8316\/revisions\/8338"}],"wp:attachment":[{"href":"https:\/\/proditysoftware.com\/it\/wp-json\/wp\/v2\/media?parent=8316"}],"curies":[{"name":"wp","href":"https:\/\/api.w.org\/{rel}","templated":true}]}}