{"id":3576,"date":"2024-07-23T17:30:43","date_gmt":"2024-07-23T15:30:43","guid":{"rendered":"https:\/\/proditysoftware.com\/cookies\/"},"modified":"2026-03-12T09:40:28","modified_gmt":"2026-03-12T08:40:28","slug":"cookies","status":"publish","type":"page","link":"https:\/\/proditysoftware.com\/pt-pt\/cookies\/","title":{"rendered":"Cookies"},"content":{"rendered":"\n<h1 class=\"wp-block-heading has-text-align-left\">Pol\u00edtica de cookies<\/h1>\n\n<p>Os cookies s\u00e3o pequenos ficheiros que as p\u00e1ginas Web armazenam no browser do utilizador que as visita e que s\u00e3o necess\u00e1rios para dotar a navega\u00e7\u00e3o Web de in\u00fameras vantagens na presta\u00e7\u00e3o de servi\u00e7os interactivos. Estes ficheiros permitem armazenar no terminal do utilizador quantidades de dados que v\u00e3o de alguns kilobytes a v\u00e1rios Megabytes. <\/p>\n\n<p>Podes retificar as tuas defini\u00e7\u00f5es actuais de aceita\u00e7\u00e3o de cookies a partir <a href=\"https:\/\/prosafetysoftware.com\/cookie-settings\" target=\"_blank\" rel=\"noopener\">desta liga\u00e7\u00e3o<\/a>.<\/p>\n\n<p>As informa\u00e7\u00f5es seguintes sobre os poss\u00edveis tipos de cookies ajudar-te-\u00e3o a compreender melhor e a avaliar a nossa pol\u00edtica de cookies:<\/p>\n\n<p><strong>DE ACORDO COM A SUA DURA\u00c7\u00c3O<\/strong><\/p>\n\n<p>Cookies de sess\u00e3o: s\u00e3o cookies tempor\u00e1rios que permanecem no teu computador at\u00e9 sa\u00edres do site que os utiliza, pelo que nenhum deles fica registado no disco do utilizador. A informa\u00e7\u00e3o obtida atrav\u00e9s destes cookies \u00e9 utilizada para permitir a gest\u00e3o operacional com cada um dos utilizadores que acedem simultaneamente ao website. <\/p>\n\n<p>Cookies persistentes: s\u00e3o cookies que permanecem armazenados no espa\u00e7o de cookies do teu computador depois de sa\u00edres do s\u00edtio Web e que ser\u00e3o consultados novamente pelo s\u00edtio Web na pr\u00f3xima vez que acederes ao mesmo, para recordar informa\u00e7\u00f5es que facilitem a navega\u00e7\u00e3o (por exemplo: acesso direto ao servi\u00e7o sem necessidade de iniciar sess\u00e3o) ou a presta\u00e7\u00e3o de um servi\u00e7o comercial (por exemplo: oferta de produtos ou servi\u00e7os relacionados com visitas anteriores).<\/p>\n\n<p><strong>DE ACORDO COM A TUA ORIGEM<\/strong><\/p>\n\n<p>Os cookies trocados durante a navega\u00e7\u00e3o num s\u00edtio Web podem ser:<\/p>\n\n<p>Cookies pr\u00f3prios ou de terceiros: s\u00e3o cookies gerados pelo s\u00edtio Web que est\u00e1s a visitar.<\/p>\n\n<p>Cookies de terceiros: s\u00e3o cookies que s\u00e3o recebidos quando navega nesse s\u00edtio Web, mas que foram gerados por um servi\u00e7o de terceiros que est\u00e1 alojado no s\u00edtio Web. Um exemplo pode ser um cookie utilizado por um an\u00fancio ou banner publicit\u00e1rio no s\u00edtio Web que est\u00e1s a visitar. Outro pode ser um cookie utilizado por um web beacon contratado pelo s\u00edtio Web que est\u00e1s a visitar.  <\/p>\n\n<p><strong>SEGUNDO O SEU OBJECTIVO<\/strong><\/p>\n\n<p>Os cookies podem ser utilizados para diferentes fins:<\/p>\n\n<p>Finalidades t\u00e9cnicas: Permitem ao utilizador navegar atrav\u00e9s de um site, plataforma ou aplica\u00e7\u00e3o e utilizar as diferentes op\u00e7\u00f5es ou servi\u00e7os existentes no mesmo, como, por exemplo, controlar o tr\u00e1fego e a comunica\u00e7\u00e3o de dados, identificar a sess\u00e3o, aceder a \u00e1reas de acesso restrito, recordar os elementos que comp\u00f5em uma encomenda, realizar o processo de compra de uma encomenda, solicitar a inscri\u00e7\u00e3o ou participa\u00e7\u00e3o num evento, utilizar elementos de seguran\u00e7a durante a navega\u00e7\u00e3o, armazenar conte\u00fados para a difus\u00e3o de v\u00eddeos ou som ou partilhar conte\u00fados atrav\u00e9s das redes sociais.<\/p>\n\n<p>Personaliza\u00e7\u00e3o: permitem ao utilizador aceder ao servi\u00e7o com algumas carater\u00edsticas gerais predefinidas em fun\u00e7\u00e3o de uma s\u00e9rie de crit\u00e9rios no terminal do utilizador, tais como a l\u00edngua, o tipo de navegador utilizado para aceder ao servi\u00e7o, a configura\u00e7\u00e3o regional a partir da qual se acede ao servi\u00e7o, etc.<\/p>\n\n<p>An\u00e1lise ou desempenho: Estes cookies permitem \u00e0 parte respons\u00e1vel por eles monitorizar e analisar o comportamento dos utilizadores dos s\u00edtios Web a que est\u00e3o ligados. A informa\u00e7\u00e3o recolhida atrav\u00e9s deste tipo de cookies \u00e9 utilizada para medir a atividade dos sites, aplica\u00e7\u00e3o ou plataforma e para a elabora\u00e7\u00e3o de perfis de navega\u00e7\u00e3o dos utilizadores destes sites, aplica\u00e7\u00f5es e plataformas, de forma a introduzir melhorias baseadas na an\u00e1lise dos dados de utiliza\u00e7\u00e3o dos utilizadores do servi\u00e7o. <\/p>\n\n<p>Publicidade: Permitem gerir, da forma mais eficiente poss\u00edvel, os espa\u00e7os publicit\u00e1rios que, se for caso disso, o editor tenha inclu\u00eddo num s\u00edtio Web, aplica\u00e7\u00e3o ou plataforma a partir da qual \u00e9 prestado o servi\u00e7o solicitado, com base em crit\u00e9rios como o conte\u00fado editado ou a frequ\u00eancia com que os an\u00fancios s\u00e3o exibidos.<\/p>\n\n<p>Publicidade comportamental: Permitem gerir, da forma mais eficaz poss\u00edvel, os espa\u00e7os publicit\u00e1rios que, se for caso disso, o editor tenha inclu\u00eddo num s\u00edtio Web, aplica\u00e7\u00e3o ou plataforma a partir da qual se presta o servi\u00e7o solicitado. Estes cookies armazenam informa\u00e7\u00f5es sobre o comportamento do utilizador obtidas atrav\u00e9s da observa\u00e7\u00e3o cont\u00ednua dos seus h\u00e1bitos de navega\u00e7\u00e3o, o que permite desenvolver um perfil espec\u00edfico para apresentar publicidade com base no mesmo. <\/p>\n\n<div class=\"cky-audit-table-element\"><\/div>\n\n<p>Se quiseres apagar os cookies do teu browser no site WWW.PRODITYSOFTWARE.COM, aqui tens as instru\u00e7\u00f5es para o fazeres de acordo com os diferentes browsers dispon\u00edveis:<\/p>\n\n<p><a href=\"https:\/\/windows.microsoft.com\/es-es\/internet-explorer\/delete-manage-cookies\" target=\"_blank\" rel=\"noreferrer noopener\">Internet Explorer<\/a><br\/><a href=\"https:\/\/support.google.com\/chrome\/answer\/95647\" target=\"_blank\" rel=\"noreferrer noopener\">Google Chrome<\/a><br\/><a href=\"https:\/\/support.mozilla.org\/kb\/delete-cookies-remove-info-websites-stored\" target=\"_blank\" rel=\"noreferrer noopener\">Firefox<\/a><br\/><a href=\"https:\/\/support.apple.com\/kb\/ph11920\" target=\"_blank\" rel=\"noreferrer noopener\">Safari<\/a><\/p>\n\n<p>Outros: Em geral, para apagar os cookies do teu navegador, deves ir ao menu Prefer\u00eancias ou Defini\u00e7\u00f5es do teu navegador e procurar a sec\u00e7\u00e3o Privacidade. A\u00ed encontrar\u00e1s op\u00e7\u00f5es para gerir os teus cookies e outros dados armazenados pelos s\u00edtios Web que visitas, bem como para configurar o comportamento do teu navegador ao lidar com cookies. <\/p>\n\n<p>Os cookies s\u00e3o pequenos ficheiros que as p\u00e1ginas Web armazenam no browser do utilizador que as visita e s\u00e3o necess\u00e1rios para proporcionar \u00e0 navega\u00e7\u00e3o na Web in\u00fameras vantagens na presta\u00e7\u00e3o de servi\u00e7os interactivos. Estes ficheiros permitem armazenar no terminal do utilizador quantidades de dados que v\u00e3o de alguns kilobytes a v\u00e1rios Megabytes.<br\/>Podes retificar as tuas defini\u00e7\u00f5es actuais de aceita\u00e7\u00e3o de cookies a partir desta liga\u00e7\u00e3o.<br\/>As informa\u00e7\u00f5es seguintes sobre os tipos de cookies poss\u00edveis ajudar-te-\u00e3o a compreender melhor e a avaliar a nossa pol\u00edtica de cookies: <\/p>\n\n<p>DE ACORDO COM A DURA\u00c7\u00c3O<br\/>Cookies de sess\u00e3o: s\u00e3o cookies tempor\u00e1rios que permanecem no teu computador at\u00e9 sa\u00edres do website que os utiliza, pelo que nenhum fica gravado no disco do utilizador. A informa\u00e7\u00e3o obtida atrav\u00e9s destes cookies \u00e9 utilizada para permitir a gest\u00e3o operacional com cada um dos utilizadores que acedem simultaneamente ao website. <br\/>Cookies persistentes: s\u00e3o cookies que permanecem armazenados no espa\u00e7o de cookies do teu computador depois de sa\u00edres do s\u00edtio Web e que ser\u00e3o consultados novamente pelo s\u00edtio Web na pr\u00f3xima vez que acederes ao mesmo, para recordar informa\u00e7\u00f5es que facilitem a navega\u00e7\u00e3o (por exemplo: acesso direto ao servi\u00e7o sem necessidade de iniciar sess\u00e3o) ou a presta\u00e7\u00e3o de um servi\u00e7o comercial (por exemplo: oferta de produtos ou servi\u00e7os relacionados com visitas anteriores).<\/p>\n\n<p>SEGUNDO A SUA ORIGEM<br\/>Os cookies trocados ao navegar num s\u00edtio Web podem ser:<br\/>Cookies pr\u00f3prios: s\u00e3o cookies gerados pelo s\u00edtio Web que est\u00e1s a visitar.<br\/>Cookies de terceiros: s\u00e3o cookies que s\u00e3o recebidos ao navegar no s\u00edtio Web, mas que foram gerados por um servi\u00e7o de terceiros que est\u00e1 alojado no s\u00edtio Web. Um exemplo pode ser um cookie utilizado por um an\u00fancio ou banner publicit\u00e1rio no s\u00edtio Web que est\u00e1s a visitar. Outro pode ser um cookie utilizado por um web beacon contratado pelo s\u00edtio Web que est\u00e1s a visitar.  <\/p>\n\n<p>POR FINALIDADE<br\/>Os cookies podem ser utilizados para diferentes finalidades:<\/p>\n\n<p>Finalidades t\u00e9cnicas: Permitem ao utilizador navegar atrav\u00e9s de um site, plataforma ou aplica\u00e7\u00e3o e utilizar as diferentes op\u00e7\u00f5es ou servi\u00e7os existentes no mesmo, como, por exemplo, controlar o tr\u00e1fego e a comunica\u00e7\u00e3o de dados, identificar a sess\u00e3o, aceder a \u00e1reas de acesso restrito, recordar os elementos que comp\u00f5em uma encomenda, realizar o processo de compra de uma encomenda, realizar um pedido de inscri\u00e7\u00e3o ou participa\u00e7\u00e3o num evento, utilizar elementos de seguran\u00e7a durante a navega\u00e7\u00e3o, armazenar conte\u00fados para a difus\u00e3o de v\u00eddeos ou som ou partilhar conte\u00fados atrav\u00e9s das redes sociais.<br\/>Personaliza\u00e7\u00e3o: permitem que o utilizador aceda ao servi\u00e7o com algumas carater\u00edsticas gerais predefinidas em fun\u00e7\u00e3o de uma s\u00e9rie de crit\u00e9rios no terminal do utilizador, como a l\u00edngua, o tipo de navegador utilizado para aceder ao servi\u00e7o, a configura\u00e7\u00e3o regional a partir da qual se acede ao servi\u00e7o, etc.<br\/>An\u00e1lise ou desempenho: Estes cookies permitem \u00e0 parte respons\u00e1vel por eles monitorizar e analisar o comportamento dos utilizadores dos s\u00edtios Web a que est\u00e3o ligados. A informa\u00e7\u00e3o recolhida atrav\u00e9s deste tipo de cookies \u00e9 utilizada para medir a atividade dos sites, aplica\u00e7\u00e3o ou plataforma e para a elabora\u00e7\u00e3o de perfis de navega\u00e7\u00e3o dos utilizadores destes sites, aplica\u00e7\u00f5es e plataformas, de forma a introduzir melhorias baseadas na an\u00e1lise dos dados de utiliza\u00e7\u00e3o dos utilizadores do servi\u00e7o. <br\/>Publicidade: Permitem gerir, da forma mais eficiente poss\u00edvel, os espa\u00e7os publicit\u00e1rios que, se for caso disso, o editor tenha inclu\u00eddo num s\u00edtio Web, aplica\u00e7\u00e3o ou plataforma a partir da qual \u00e9 prestado o servi\u00e7o solicitado, com base em crit\u00e9rios como o conte\u00fado editado ou a frequ\u00eancia com que os an\u00fancios s\u00e3o exibidos.<br\/>Publicidade comportamental: Permitem gerir, da forma mais eficaz poss\u00edvel, os espa\u00e7os publicit\u00e1rios que, se for caso disso, o editor tenha inclu\u00eddo num s\u00edtio Web, aplica\u00e7\u00e3o ou plataforma a partir da qual se presta o servi\u00e7o solicitado. Estes cookies armazenam informa\u00e7\u00f5es sobre o comportamento do utilizador obtidas atrav\u00e9s da observa\u00e7\u00e3o cont\u00ednua dos seus h\u00e1bitos de navega\u00e7\u00e3o, o que permite desenvolver um perfil espec\u00edfico para apresentar publicidade com base no mesmo. <\/p>\n\n<div style=\"height:80px\" aria-hidden=\"true\" class=\"wp-block-spacer\"><\/div>\n","protected":false},"excerpt":{"rendered":"<p>Pol\u00edtica de cookies Os cookies s\u00e3o pequenos ficheiros que as p\u00e1ginas Web armazenam no browser do utilizador que as visita e que s\u00e3o necess\u00e1rios para dotar a navega\u00e7\u00e3o Web de in\u00fameras vantagens na presta\u00e7\u00e3o de servi\u00e7os interactivos. Estes ficheiros permitem armazenar no terminal do utilizador quantidades de dados que v\u00e3o de alguns kilobytes a v\u00e1rios [&hellip;]<\/p>\n","protected":false},"author":1,"featured_media":0,"parent":0,"menu_order":0,"comment_status":"closed","ping_status":"closed","template":"","meta":{"inline_featured_image":false,"footnotes":""},"class_list":["post-3576","page","type-page","status-publish","hentry"],"_links":{"self":[{"href":"https:\/\/proditysoftware.com\/pt-pt\/wp-json\/wp\/v2\/pages\/3576","targetHints":{"allow":["GET"]}}],"collection":[{"href":"https:\/\/proditysoftware.com\/pt-pt\/wp-json\/wp\/v2\/pages"}],"about":[{"href":"https:\/\/proditysoftware.com\/pt-pt\/wp-json\/wp\/v2\/types\/page"}],"author":[{"embeddable":true,"href":"https:\/\/proditysoftware.com\/pt-pt\/wp-json\/wp\/v2\/users\/1"}],"replies":[{"embeddable":true,"href":"https:\/\/proditysoftware.com\/pt-pt\/wp-json\/wp\/v2\/comments?post=3576"}],"version-history":[{"count":2,"href":"https:\/\/proditysoftware.com\/pt-pt\/wp-json\/wp\/v2\/pages\/3576\/revisions"}],"predecessor-version":[{"id":3578,"href":"https:\/\/proditysoftware.com\/pt-pt\/wp-json\/wp\/v2\/pages\/3576\/revisions\/3578"}],"wp:attachment":[{"href":"https:\/\/proditysoftware.com\/pt-pt\/wp-json\/wp\/v2\/media?parent=3576"}],"curies":[{"name":"wp","href":"https:\/\/api.w.org\/{rel}","templated":true}]}}