{"id":3622,"date":"2025-02-25T13:01:32","date_gmt":"2025-02-25T12:01:32","guid":{"rendered":"https:\/\/proditysoftware.com\/certificacoes-de-qualidade\/"},"modified":"2025-09-30T16:33:52","modified_gmt":"2025-09-30T14:33:52","slug":"certificacoes-de-qualidade","status":"publish","type":"page","link":"https:\/\/proditysoftware.com\/pt-pt\/certificacoes-de-qualidade\/","title":{"rendered":"Certifica\u00e7\u00f5es de qualidade"},"content":{"rendered":"\n<div class=\"wp-block-group cert-grp-1 has-global-padding is-layout-constrained wp-block-group-is-layout-constrained\">\n<div class=\"wp-block-columns are-vertically-aligned-center is-layout-flex wp-container-core-columns-is-layout-28f84493 wp-block-columns-is-layout-flex\">\n<div class=\"wp-block-column is-vertically-aligned-center is-layout-flow wp-block-column-is-layout-flow\">\n<div class=\"wp-block-group has-global-padding is-content-justification-left is-layout-constrained wp-container-core-group-is-layout-a51b67cd wp-block-group-is-layout-constrained\">\n<h1 class=\"wp-block-heading\">Qualidade certificada<\/h1>\n\n\n\n<p style=\"margin-top:16px\">O nosso compromisso com a excel\u00eancia \u00e9 apoiado por certifica\u00e7\u00f5es de qualidade reconhecidas. Estas acredita\u00e7\u00f5es reflectem os nossos elevados padr\u00f5es e a nossa dedica\u00e7\u00e3o \u00e0 melhoria cont\u00ednua. <\/p>\n<\/div>\n<\/div>\n\n\n\n<div class=\"wp-block-column is-vertically-aligned-center is-layout-flow wp-block-column-is-layout-flow\">\n<figure class=\"wp-block-image alignright size-large\"><img decoding=\"async\" width=\"166\" height=\"190\" src=\"https:\/\/proditysoftware.com\/wp-content\/uploads\/2024\/09\/Vector.svg\" alt=\"s\" class=\"wp-image-302\"\/><\/figure>\n<\/div>\n<\/div>\n<\/div>\n\n<div class=\"wp-block-group hmf-grp cert-grp-2 has-global-padding is-layout-constrained wp-block-group-is-layout-constrained\">\n<div class=\"wp-block-columns are-vertically-aligned-center is-layout-flex wp-container-core-columns-is-layout-8e96f76c wp-block-columns-is-layout-flex\">\n<div class=\"wp-block-column is-vertically-aligned-center is-layout-flow wp-block-column-is-layout-flow\">\n<div class=\"wp-block-group has-background is-content-justification-center is-nowrap is-layout-flex wp-container-core-group-is-layout-02eb3949 wp-block-group-is-layout-flex\" style=\"border-radius:8px;background-color:#f7f4f4;min-height:370px;padding-top:32px;padding-right:32px;padding-bottom:32px;padding-left:32px\">\n<div class=\"wp-block-group row-gap-16 is-content-justification-center is-layout-flex wp-container-core-group-is-layout-20d70fca wp-block-group-is-layout-flex\">\n<figure class=\"wp-block-image size-full is-resized\"><img decoding=\"async\" width=\"540\" height=\"243\" src=\"https:\/\/proditysoftware.com\/wp-content\/uploads\/2025\/02\/SEKUENS.png\" alt=\"SEKUENS\" class=\"wp-image-1687\" style=\"width:auto;height:121px\" srcset=\"https:\/\/proditysoftware.com\/wp-content\/uploads\/2025\/02\/SEKUENS.png 540w, https:\/\/proditysoftware.com\/wp-content\/uploads\/2025\/02\/SEKUENS-300x135.png 300w\" sizes=\"(max-width: 540px) 100vw, 540px\" \/><\/figure>\n\n\n\n<figure class=\"wp-block-image size-full is-resized\"><img decoding=\"async\" width=\"540\" height=\"244\" src=\"https:\/\/proditysoftware.com\/wp-content\/uploads\/2025\/02\/COUE-1.png\" alt=\"EUOC\" class=\"wp-image-1683\" style=\"width:auto;height:121px\" srcset=\"https:\/\/proditysoftware.com\/wp-content\/uploads\/2025\/02\/COUE-1.png 540w, https:\/\/proditysoftware.com\/wp-content\/uploads\/2025\/02\/COUE-1-300x136.png 300w\" sizes=\"(max-width: 540px) 100vw, 540px\" \/><\/figure>\n<\/div>\n<\/div>\n<\/div>\n\n\n\n<div class=\"wp-block-column is-vertically-aligned-center ord-2-res is-layout-flow wp-block-column-is-layout-flow\">\n<div class=\"wp-block-group has-global-padding is-layout-constrained wp-container-core-group-is-layout-1e17d720 wp-block-group-is-layout-constrained\">\n<h2 class=\"wp-block-heading\">Desenvolvimento de um sistema de an\u00e1lise de dados e de tomada de decis\u00e3o \u00e1gil para a concess\u00e3o de <mark style=\"background-color:rgba(0, 0, 0, 0)\" class=\"has-inline-color has-corp-color\">autoriza\u00e7\u00f5es de trabalho<\/mark> de alto risco na ind\u00fastria<\/h2>\n\n\n\n<p>O Governo do Principado das Ast\u00farias, atrav\u00e9s da Ag\u00eancia de Ci\u00eancia, Competitividade Empresarial e Inova\u00e7\u00e3o das Ast\u00farias (SEKUENS) e do Plano de Ci\u00eancia, Tecnologia e Inova\u00e7\u00e3o (PCTI); e a Uni\u00e3o Europeia, atrav\u00e9s do FEDER, apoiaram, no \u00e2mbito do Programa RIS3-Empresa, o projeto &#8220;Desenvolvimento de um sistema de an\u00e1lise de dados e de tomada de decis\u00f5es \u00e1geis para a concess\u00e3o de autoriza\u00e7\u00f5es de trabalho de alto risco na ind\u00fastria&#8221;, com o n\u00famero de processo IDE\/2023\/000394, com o objetivo de desenvolver uma plataforma para a gera\u00e7\u00e3o de autoriza\u00e7\u00f5es de acesso a trabalhos perigosos com base na leitura de c\u00f3digos QR.<\/p>\n<\/div>\n<\/div>\n<\/div>\n<\/div>\n\n<div class=\"wp-block-group hmf-grp cert-grp-2 has-global-padding is-layout-constrained wp-block-group-is-layout-constrained\">\n<div class=\"wp-block-columns are-vertically-aligned-center is-layout-flex wp-container-core-columns-is-layout-8e96f76c wp-block-columns-is-layout-flex\">\n<div class=\"wp-block-column is-vertically-aligned-center ord-2-res is-layout-flow wp-block-column-is-layout-flow\">\n<div class=\"wp-block-group has-global-padding is-layout-constrained wp-container-core-group-is-layout-1e17d720 wp-block-group-is-layout-constrained\">\n<h2 class=\"wp-block-heading\">Desenvolver uma plataforma para a <mark style=\"background-color:rgba(0, 0, 0, 0)\" class=\"has-inline-color has-corp-color\">sustentabilidade<\/mark> empresarial<\/h2>\n\n\n\n<p>O Governo do Principado das Ast\u00farias, atrav\u00e9s da Ag\u00eancia de Ci\u00eancia, Competitividade Empresarial e Inova\u00e7\u00e3o das Ast\u00farias (SEKUENS) e do Plano de Ci\u00eancia, Tecnologia e Inova\u00e7\u00e3o (PCTI); e a Uni\u00e3o Europeia atrav\u00e9s do FEDER, apoiaram no \u00e2mbito do Programa RIS3-Enterprise o projeto &#8220;Desenvolvimento de uma plataforma para a sustentabilidade empresarial&#8221; com o n\u00famero de processo IDE\/2024\/000467 com o objetivo de desenvolver uma plataforma capaz de gerir a sustentabilidade dentro de uma empresa.<\/p>\n<\/div>\n<\/div>\n\n\n\n<div class=\"wp-block-column is-vertically-aligned-center is-layout-flow wp-block-column-is-layout-flow\">\n<div class=\"wp-block-group has-background is-content-justification-center is-nowrap is-layout-flex wp-container-core-group-is-layout-02eb3949 wp-block-group-is-layout-flex\" style=\"border-radius:8px;background-color:#f7f4f4;min-height:370px;padding-top:32px;padding-right:32px;padding-bottom:32px;padding-left:32px\">\n<div class=\"wp-block-group row-gap-16 is-content-justification-center is-layout-flex wp-container-core-group-is-layout-20d70fca wp-block-group-is-layout-flex\">\n<figure class=\"wp-block-image size-full is-resized\"><img decoding=\"async\" width=\"540\" height=\"243\" src=\"https:\/\/proditysoftware.com\/wp-content\/uploads\/2025\/02\/SEKUENS.png\" alt=\"SEKUENS\" class=\"wp-image-1687\" style=\"width:auto;height:121px\" srcset=\"https:\/\/proditysoftware.com\/wp-content\/uploads\/2025\/02\/SEKUENS.png 540w, https:\/\/proditysoftware.com\/wp-content\/uploads\/2025\/02\/SEKUENS-300x135.png 300w\" sizes=\"(max-width: 540px) 100vw, 540px\" \/><\/figure>\n\n\n\n<figure class=\"wp-block-image size-full is-resized\"><img decoding=\"async\" width=\"540\" height=\"244\" src=\"https:\/\/proditysoftware.com\/wp-content\/uploads\/2025\/02\/COUE-1.png\" alt=\"EUOC\" class=\"wp-image-1683\" style=\"width:auto;height:121px\" srcset=\"https:\/\/proditysoftware.com\/wp-content\/uploads\/2025\/02\/COUE-1.png 540w, https:\/\/proditysoftware.com\/wp-content\/uploads\/2025\/02\/COUE-1-300x136.png 300w\" sizes=\"(max-width: 540px) 100vw, 540px\" \/><\/figure>\n<\/div>\n<\/div>\n<\/div>\n<\/div>\n<\/div>\n\n<div class=\"wp-block-group hmf-grp cert-grp-2 has-global-padding is-layout-constrained wp-block-group-is-layout-constrained\">\n<div class=\"wp-block-columns are-vertically-aligned-center is-layout-flex wp-container-core-columns-is-layout-8e96f76c wp-block-columns-is-layout-flex\">\n<div class=\"wp-block-column is-vertically-aligned-center is-layout-flow wp-block-column-is-layout-flow\">\n<div class=\"wp-block-group has-background is-content-justification-center is-nowrap is-layout-flex wp-container-core-group-is-layout-02eb3949 wp-block-group-is-layout-flex\" style=\"border-radius:8px;background-color:#f7f4f4;min-height:370px;padding-top:32px;padding-right:32px;padding-bottom:32px;padding-left:32px\">\n<div class=\"wp-block-group row-gap-16 is-content-justification-center is-layout-flex wp-container-core-group-is-layout-20d70fca wp-block-group-is-layout-flex\">\n<figure class=\"wp-block-image size-full is-resized\"><img decoding=\"async\" width=\"540\" height=\"243\" src=\"https:\/\/proditysoftware.com\/wp-content\/uploads\/2025\/02\/SEKUENS.png\" alt=\"SEKUENS\" class=\"wp-image-1687\" style=\"width:auto;height:121px\" srcset=\"https:\/\/proditysoftware.com\/wp-content\/uploads\/2025\/02\/SEKUENS.png 540w, https:\/\/proditysoftware.com\/wp-content\/uploads\/2025\/02\/SEKUENS-300x135.png 300w\" sizes=\"(max-width: 540px) 100vw, 540px\" \/><\/figure>\n\n\n\n<figure class=\"wp-block-image size-full is-resized\"><img decoding=\"async\" width=\"540\" height=\"244\" src=\"https:\/\/proditysoftware.com\/wp-content\/uploads\/2025\/02\/COUE-1.png\" alt=\"EUOC\" class=\"wp-image-1683\" style=\"width:auto;height:121px\" srcset=\"https:\/\/proditysoftware.com\/wp-content\/uploads\/2025\/02\/COUE-1.png 540w, https:\/\/proditysoftware.com\/wp-content\/uploads\/2025\/02\/COUE-1-300x136.png 300w\" sizes=\"(max-width: 540px) 100vw, 540px\" \/><\/figure>\n<\/div>\n<\/div>\n<\/div>\n\n\n\n<div class=\"wp-block-column is-vertically-aligned-center ord-2-res is-layout-flow wp-block-column-is-layout-flow\">\n<div class=\"wp-block-group has-global-padding is-layout-constrained wp-container-core-group-is-layout-1e17d720 wp-block-group-is-layout-constrained\">\n<h2 class=\"wp-block-heading\">Plano <mark style=\"background-color:rgba(0, 0, 0, 0)\" class=\"has-inline-color has-corp-color\">de internacionaliza\u00e7\u00e3o<\/mark><br\/>Prosafety 2024<\/h2>\n\n\n\n<p>O Governo do Principado das Ast\u00farias, atrav\u00e9s da Ag\u00eancia SEKUENS, e a Uni\u00e3o Europeia, atrav\u00e9s do FEDER, co-financiaram o projeto &#8220;Plano de Internacionaliza\u00e7\u00e3o Prosafety 2024&#8221; (IDE\/2024\/000155) com o objetivo de promover o Prosafety como software as a service (SaaS) no mercado latino-americano.<\/p>\n<\/div>\n<\/div>\n<\/div>\n<\/div>\n\n<div class=\"wp-block-group cert-grp-3 has-global-padding is-layout-constrained wp-block-group-is-layout-constrained\">\n<div class=\"wp-block-columns are-vertically-aligned-center is-layout-flex wp-container-core-columns-is-layout-8e96f76c wp-block-columns-is-layout-flex\">\n<div class=\"wp-block-column is-vertically-aligned-center is-layout-flow wp-block-column-is-layout-flow\">\n<div class=\"wp-block-group has-global-padding is-layout-constrained wp-container-core-group-is-layout-1e17d720 wp-block-group-is-layout-constrained\">\n<h2 class=\"wp-block-heading\">Desenvolvimento de uma plataforma <mark style=\"background-color:rgba(0, 0, 0, 0)\" class=\"has-inline-color has-corp-color\">escal\u00e1vel de seguran\u00e7a no local de trabalho<\/mark> para a Ind\u00fastria 4.0<\/h2>\n\n\n\n<p>O Governo do Principado das Ast\u00farias, atrav\u00e9s do IDEPA; e o Plano de Ci\u00eancia, Tecnologia e Inova\u00e7\u00e3o (PCTI) 2018-2022; e a Uni\u00e3o Europeia, atrav\u00e9s do FEDER; apoiaram o projeto &#8220;Desenvolvimento de uma plataforma de Seguran\u00e7a no Trabalho Escal\u00e1vel para a Ind\u00fastria 4.0&#8221; com o n\u00famero de ficheiro IDE\/2022\/000434 com o objetivo de construir uma nova plataforma de Seguran\u00e7a no Trabalho Altamente Escal\u00e1vel.<\/p>\n<\/div>\n<\/div>\n\n\n\n<div class=\"wp-block-column is-vertically-aligned-center is-layout-flow wp-block-column-is-layout-flow\">\n<div class=\"wp-block-group has-background is-vertical is-content-justification-center is-layout-flex wp-container-core-group-is-layout-322c101b wp-block-group-is-layout-flex\" style=\"border-radius:8px;background-color:#f7f4f4;min-height:370px;padding-top:32px;padding-right:32px;padding-bottom:32px;padding-left:32px\">\n<div class=\"wp-block-group row-gap-16 is-content-justification-center is-layout-flex wp-container-core-group-is-layout-20d70fca wp-block-group-is-layout-flex\">\n<figure class=\"wp-block-image size-full is-resized\"><img decoding=\"async\" width=\"540\" height=\"244\" src=\"https:\/\/proditysoftware.com\/wp-content\/uploads\/2025\/02\/COUE-1.png\" alt=\"EUOC\" class=\"wp-image-1683\" style=\"width:auto;height:121px\" srcset=\"https:\/\/proditysoftware.com\/wp-content\/uploads\/2025\/02\/COUE-1.png 540w, https:\/\/proditysoftware.com\/wp-content\/uploads\/2025\/02\/COUE-1-300x136.png 300w\" sizes=\"(max-width: 540px) 100vw, 540px\" \/><\/figure>\n\n\n\n<figure class=\"wp-block-image size-full is-resized\"><img decoding=\"async\" width=\"540\" height=\"242\" src=\"https:\/\/proditysoftware.com\/wp-content\/uploads\/2025\/02\/iasturias.png\" alt=\"\" class=\"wp-image-1685\" style=\"width:auto;height:121px\" srcset=\"https:\/\/proditysoftware.com\/wp-content\/uploads\/2025\/02\/iasturias.png 540w, https:\/\/proditysoftware.com\/wp-content\/uploads\/2025\/02\/iasturias-300x134.png 300w\" sizes=\"(max-width: 540px) 100vw, 540px\" \/><\/figure>\n<\/div>\n\n\n\n<div class=\"wp-block-group row-gap-16 is-content-justification-center is-nowrap is-layout-flex wp-container-core-group-is-layout-5df56ab1 wp-block-group-is-layout-flex\">\n<figure class=\"wp-block-image size-full is-resized\"><img decoding=\"async\" width=\"540\" height=\"243\" src=\"https:\/\/proditysoftware.com\/wp-content\/uploads\/2025\/02\/SEKUENS.png\" alt=\"SEKUENS\" class=\"wp-image-1687\" style=\"width:auto;height:121px\" srcset=\"https:\/\/proditysoftware.com\/wp-content\/uploads\/2025\/02\/SEKUENS.png 540w, https:\/\/proditysoftware.com\/wp-content\/uploads\/2025\/02\/SEKUENS-300x135.png 300w\" sizes=\"(max-width: 540px) 100vw, 540px\" \/><\/figure>\n<\/div>\n<\/div>\n<\/div>\n<\/div>\n<\/div>\n\n<div class=\"wp-block-group caract-grp-lst cert-grp-4 has-global-padding is-layout-constrained wp-block-group-is-layout-constrained\">\n<h2 class=\"wp-block-heading has-text-align-center\">Certifica\u00e7\u00f5es<\/h2>\n\n\n\n<p class=\"has-text-align-center\" style=\"margin-top:16px\">O que \u00e9 que nos torna diferentes?<\/p>\n\n\n\n<div class=\"wp-block-group caract-grid-lst is-content-justification-center is-layout-flex wp-container-core-group-is-layout-e4012172 wp-block-group-is-layout-flex\">\n<div class=\"wp-block-group wp-container-content-b24212c1 has-global-padding is-layout-constrained wp-container-core-group-is-layout-088e5cd2 wp-block-group-is-layout-constrained\" style=\"min-height:308px;padding-top:32px;padding-right:32px;padding-bottom:32px;padding-left:32px\">\n<figure class=\"wp-block-image aligncenter size-full is-resized\"><img decoding=\"async\" width=\"153\" height=\"128\" src=\"https:\/\/proditysoftware.com\/wp-content\/uploads\/2025\/02\/Marca-ER-ISO-9001INF-1-x2.png\" alt=\"Marca ER ISO 9001INF\" class=\"wp-image-1662\" style=\"width:auto;height:64px\"\/><\/figure>\n\n\n\n<p class=\"has-text-align-center\">A Prodity \u00e9 certificada pela AENOR segundo a norma ISO 9001 para a &#8220;Conce\u00e7\u00e3o e desenvolvimento de aplica\u00e7\u00f5es web. Assist\u00eancia t\u00e9cnica aos utilizadores de produtos&#8221;.<\/p>\n<\/div>\n\n\n\n<div class=\"wp-block-group wp-container-content-b24212c1 has-global-padding is-layout-constrained wp-container-core-group-is-layout-088e5cd2 wp-block-group-is-layout-constrained\" style=\"min-height:308px;padding-top:32px;padding-right:32px;padding-bottom:32px;padding-left:32px\">\n<figure class=\"wp-block-image aligncenter size-full is-resized\"><img decoding=\"async\" width=\"155\" height=\"128\" src=\"https:\/\/proditysoftware.com\/wp-content\/uploads\/2025\/02\/Marca-ER-Segur_Info_27001_INF-x2.png\" alt=\"Marca ER Segur_Info_27001\" class=\"wp-image-1660\" style=\"width:auto;height:64px\"\/><\/figure>\n\n\n\n<p class=\"has-text-align-center\">A Prodity implementou um projeto de gest\u00e3o segura da informa\u00e7\u00e3o e possui atualmente a certifica\u00e7\u00e3o ISO 27001.<\/p>\n<\/div>\n\n\n\n<div class=\"wp-block-group wp-container-content-b24212c1 has-global-padding is-layout-constrained wp-container-core-group-is-layout-088e5cd2 wp-block-group-is-layout-constrained\" style=\"min-height:308px;padding-top:32px;padding-right:32px;padding-bottom:32px;padding-left:32px\">\n<figure class=\"wp-block-image aligncenter size-full is-resized\"><img decoding=\"async\" width=\"153\" height=\"128\" src=\"https:\/\/proditysoftware.com\/wp-content\/uploads\/2025\/02\/Marca-ER-ges_ser_20000-1_INF-1-x2.png\" alt=\"Marca ER ges_ser_20000-1\" class=\"wp-image-1674\" style=\"width:auto;height:64px\"\/><\/figure>\n\n\n\n<p class=\"has-text-align-center\">Em 2010, obteve a certifica\u00e7\u00e3o ISO\/IEC 20000 para a &#8220;Gest\u00e3o Eficaz de <br\/>Servi\u00e7os de TI&#8221;.<\/p>\n<\/div>\n\n\n\n<div class=\"wp-block-group wp-container-content-b24212c1 has-global-padding is-layout-constrained wp-container-core-group-is-layout-088e5cd2 wp-block-group-is-layout-constrained\" style=\"min-height:308px;padding-top:32px;padding-right:32px;padding-bottom:32px;padding-left:32px\">\n<figure class=\"wp-block-image aligncenter size-full is-resized\"><img decoding=\"async\" width=\"383\" height=\"128\" src=\"https:\/\/proditysoftware.com\/wp-content\/uploads\/2025\/02\/ITIL-Logo-4-Colour-1-x2.png\" alt=\"ITIL-Logo-4-Colour  \" class=\"wp-image-1672\" style=\"width:auto;height:64px\" srcset=\"https:\/\/proditysoftware.com\/wp-content\/uploads\/2025\/02\/ITIL-Logo-4-Colour-1-x2.png 383w, https:\/\/proditysoftware.com\/wp-content\/uploads\/2025\/02\/ITIL-Logo-4-Colour-1-x2-300x100.png 300w\" sizes=\"(max-width: 383px) 100vw, 383px\" \/><\/figure>\n\n\n\n<p class=\"has-text-align-center\">A Prodity utiliza as melhores pr\u00e1ticas na gest\u00e3o de servi\u00e7os de TI e tem uma equipa <br\/>certificada em ITIL\u00ae.<\/p>\n<\/div>\n\n\n\n<div class=\"wp-block-group wp-container-content-b24212c1 has-global-padding is-layout-constrained wp-container-core-group-is-layout-088e5cd2 wp-block-group-is-layout-constrained\" style=\"min-height:308px;padding-top:32px;padding-right:32px;padding-bottom:32px;padding-left:32px\">\n<figure class=\"wp-block-image aligncenter size-full is-resized\"><img decoding=\"async\" width=\"175\" height=\"127\" src=\"https:\/\/proditysoftware.com\/wp-content\/uploads\/2025\/02\/cmmi-1-x2.png\" alt=\"cmmi 1\" class=\"wp-image-1670\" style=\"width:auto;height:64px\"\/><\/figure>\n\n\n\n<p class=\"has-text-align-center\">Os nossos desenvolvimentos t\u00e9cnicos satisfazem o n\u00edvel 2 do CMMI, de acordo com a avalia\u00e7\u00e3o oficial efectuada pelo European Software Institute.  <\/p>\n<\/div>\n\n\n\n<div class=\"wp-block-group wp-container-content-b24212c1 has-global-padding is-layout-constrained wp-container-core-group-is-layout-088e5cd2 wp-block-group-is-layout-constrained\" style=\"min-height:308px;padding-top:32px;padding-right:32px;padding-bottom:32px;padding-left:32px\">\n<figure class=\"wp-block-image aligncenter size-full is-resized\"><img decoding=\"async\" src=\"https:\/\/proditysoftware.com\/wp-content\/uploads\/2025\/09\/08a5ae88-ee51-4e4c-80f3-944eb6aa40f7-1.svg\" alt=\"\" class=\"wp-image-4055\" style=\"width:auto;height:64px\"\/><\/figure>\n\n\n\n<p class=\"has-text-align-center\">Os nossos clientes t\u00eam refletido no Capterra um elevado n\u00edvel de satisfa\u00e7\u00e3o em rela\u00e7\u00e3o aos benef\u00edcios obtidos com a plataforma versus o investimento realizado.<\/p>\n<\/div>\n<\/div>\n<\/div>\n","protected":false},"excerpt":{"rendered":"<p>Qualidade certificada O nosso compromisso com a excel\u00eancia \u00e9 apoiado por certifica\u00e7\u00f5es de qualidade reconhecidas. Estas acredita\u00e7\u00f5es reflectem os nossos elevados padr\u00f5es e a nossa dedica\u00e7\u00e3o \u00e0 melhoria cont\u00ednua. Desenvolvimento de um sistema de an\u00e1lise de dados e de tomada de decis\u00e3o \u00e1gil para a concess\u00e3o de autoriza\u00e7\u00f5es de trabalho de alto risco na ind\u00fastria [&hellip;]<\/p>\n","protected":false},"author":1,"featured_media":0,"parent":0,"menu_order":0,"comment_status":"closed","ping_status":"closed","template":"","meta":{"inline_featured_image":false,"footnotes":""},"class_list":["post-3622","page","type-page","status-publish","hentry"],"_links":{"self":[{"href":"https:\/\/proditysoftware.com\/pt-pt\/wp-json\/wp\/v2\/pages\/3622","targetHints":{"allow":["GET"]}}],"collection":[{"href":"https:\/\/proditysoftware.com\/pt-pt\/wp-json\/wp\/v2\/pages"}],"about":[{"href":"https:\/\/proditysoftware.com\/pt-pt\/wp-json\/wp\/v2\/types\/page"}],"author":[{"embeddable":true,"href":"https:\/\/proditysoftware.com\/pt-pt\/wp-json\/wp\/v2\/users\/1"}],"replies":[{"embeddable":true,"href":"https:\/\/proditysoftware.com\/pt-pt\/wp-json\/wp\/v2\/comments?post=3622"}],"version-history":[{"count":3,"href":"https:\/\/proditysoftware.com\/pt-pt\/wp-json\/wp\/v2\/pages\/3622\/revisions"}],"predecessor-version":[{"id":4211,"href":"https:\/\/proditysoftware.com\/pt-pt\/wp-json\/wp\/v2\/pages\/3622\/revisions\/4211"}],"wp:attachment":[{"href":"https:\/\/proditysoftware.com\/pt-pt\/wp-json\/wp\/v2\/media?parent=3622"}],"curies":[{"name":"wp","href":"https:\/\/api.w.org\/{rel}","templated":true}]}}