{"id":5261,"date":"2025-10-27T09:18:43","date_gmt":"2025-10-27T08:18:43","guid":{"rendered":"https:\/\/proditysoftware.com\/?page_id=5261"},"modified":"2025-10-27T09:18:44","modified_gmt":"2025-10-27T08:18:44","slug":"contato","status":"publish","type":"page","link":"https:\/\/proditysoftware.com\/pt-pt\/contato\/","title":{"rendered":"Contato"},"content":{"rendered":"\n<div class=\"wp-block-group demo-hablamos has-global-padding is-layout-constrained wp-block-group-is-layout-constrained\">\n<div class=\"wp-block-columns is-layout-flex wp-container-core-columns-is-layout-28f84493 wp-block-columns-is-layout-flex\">\n<div class=\"wp-block-column is-layout-flow wp-block-column-is-layout-flow\">\n<div class=\"wp-block-group has-global-padding is-content-justification-left is-layout-constrained wp-container-core-group-is-layout-9da30eee wp-block-group-is-layout-constrained\">\n<h1 class=\"wp-block-heading\"><mark style=\"background-color:rgba(0, 0, 0, 0)\" class=\"has-inline-color has-corp-color\">Contate-nos<\/mark><\/h1>\n\n\n\n<p class=\"dmo-subt\" style=\"margin-top:16px\">Pode nos contatar atrav\u00e9s do formul\u00e1rio de contato mais abaixo, ou nos escrever para o email comercial@proditysoftware.com<\/p>\n\n\n\n<p>Se tiver d\u00favidas, coment\u00e1rios ou simplesmente quiser saber mais sobre os nossos produtos e servi\u00e7os, n\u00e3o hesite em entrar em contato conosco.<\/p>\n\n\n\n<figure class=\"wp-block-image size-full d-n-r\"><img decoding=\"async\" width=\"48\" height=\"48\" src=\"https:\/\/proditysoftware.com\/wp-content\/uploads\/2024\/09\/Envelope-1.svg\" alt=\"Envelo\" class=\"wp-image-676\"\/><\/figure>\n<\/div>\n<\/div>\n\n\n\n<div class=\"wp-block-column is-layout-flow wp-block-column-is-layout-flow\">\n<div class=\"wp-block-group has-global-padding is-content-justification-right is-layout-constrained wp-container-core-group-is-layout-c64be4fa wp-block-group-is-layout-constrained\">\n<div class=\"wp-block-contact-form-7-contact-form-selector\">\n<div class=\"wpcf7 no-js\" id=\"wpcf7-f3741-o1\" lang=\"pt-PT\" dir=\"ltr\" data-wpcf7-id=\"3741\">\n<div class=\"screen-reader-response\"><p role=\"status\" aria-live=\"polite\" aria-atomic=\"true\"><\/p> <ul><\/ul><\/div>\n<form action=\"\/pt-pt\/wp-json\/wp\/v2\/pages\/5261#wpcf7-f3741-o1\" method=\"post\" class=\"wpcf7-form init\" aria-label=\"Formul\u00e1rio de contacto\" novalidate=\"novalidate\" data-status=\"init\">\n<fieldset class=\"hidden-fields-container\"><input type=\"hidden\" name=\"_wpcf7\" value=\"3741\" \/><input type=\"hidden\" name=\"_wpcf7_version\" value=\"6.1.5\" \/><input type=\"hidden\" name=\"_wpcf7_locale\" value=\"pt_PT\" \/><input type=\"hidden\" name=\"_wpcf7_unit_tag\" value=\"wpcf7-f3741-o1\" \/><input type=\"hidden\" name=\"_wpcf7_container_post\" value=\"0\" \/><input type=\"hidden\" name=\"_wpcf7_posted_data_hash\" value=\"\" \/>\n<\/fieldset>\n<div class=\"grid-2-cols\"> <label> Primeiro nome\n <span class=\"wpcf7-form-control-wrap\" data-name=\"your-name\"><input size=\"40\" maxlength=\"400\" class=\"wpcf7-form-control wpcf7-text wpcf7-validates-as-required\" autocomplete=\"name\" aria-required=\"true\" aria-invalid=\"false\" placeholder=\"Introduz o teu primeiro nome\" value=\"\" type=\"text\" name=\"your-name\" \/><\/span> <\/label>\n<label> Apelido\n <span class=\"wpcf7-form-control-wrap\" data-name=\"your-subname\"><input size=\"40\" maxlength=\"400\" class=\"wpcf7-form-control wpcf7-text wpcf7-validates-as-required\" aria-required=\"true\" aria-invalid=\"false\" placeholder=\"Introduz o teu apelido\" value=\"\" type=\"text\" name=\"your-subname\" \/><\/span> <\/label> \n<\/div>\n<div class=\"grid-2-cols\">\n <label> Telefone\n <span class=\"wpcf7-form-control-wrap\" data-name=\"your-phone\"><input size=\"40\" maxlength=\"400\" class=\"wpcf7-form-control wpcf7-tel wpcf7-validates-as-required wpcf7-text wpcf7-validates-as-tel\" autocomplete=\"phone\" aria-required=\"true\" aria-invalid=\"false\" placeholder=\"Introduz o teu telefone\" value=\"\" type=\"tel\" name=\"your-phone\" \/><\/span> <\/label>\n<label> O teu e-mail\n <span class=\"wpcf7-form-control-wrap\" data-name=\"your-email\"><input size=\"40\" maxlength=\"400\" class=\"wpcf7-form-control wpcf7-email wpcf7-validates-as-required wpcf7-text wpcf7-validates-as-email\" autocomplete=\"email\" aria-required=\"true\" aria-invalid=\"false\" placeholder=\"Introduz o teu e-mail\" value=\"\" type=\"email\" name=\"your-email\" \/><\/span> <\/label> \n<\/div>\n<div>\n  <label>\n    <div>Empresa <\/div>\n    <span class=\"wpcf7-form-control-wrap\" data-name=\"your-company\"><input size=\"40\" maxlength=\"400\" class=\"wpcf7-form-control wpcf7-text wpcf7-validates-as-required\" aria-required=\"true\" aria-invalid=\"false\" placeholder=\"Escreva o nome da sua empresa\" value=\"\" type=\"text\" name=\"your-company\" \/><\/span>\n  <\/label>\n<\/div>\n<div>\n<label class=\"european-countries\" for=\"european-countries\">  Pa\u00eds\n<span class=\"wpcf7-form-control-wrap\" data-name=\"european-countries\"><select class=\"wpcf7-form-control wpcf7-select wpcf7-validates-as-required\" aria-required=\"true\" aria-invalid=\"false\" name=\"european-countries\"><option value=\"\">Escolha um pa\u00eds<\/option><option value=\"Brasil\">Brasil<\/option><option value=\"Portugal\">Portugal<\/option><option value=\"Angola\">Angola<\/option><option value=\"Mo\u00e7ambique\">Mo\u00e7ambique<\/option><option value=\"Cabo Verde\">Cabo Verde<\/option><option value=\"Guin\u00e9-Bissau\">Guin\u00e9-Bissau<\/option><option value=\"S\u00e3o Tom\u00e9 e Pr\u00edncipe\">S\u00e3o Tom\u00e9 e Pr\u00edncipe<\/option><option value=\"Timor-Leste\">Timor-Leste<\/option><option value=\"Alemanha\">Alemanha<\/option><option value=\"Andorra\">Andorra<\/option><option value=\"Argentina\">Argentina<\/option><option value=\"Arm\u00eania\">Arm\u00eania<\/option><option value=\"\u00c1ustria\">\u00c1ustria<\/option><option value=\"Azerbaij\u00e3o\">Azerbaij\u00e3o<\/option><option value=\"B\u00e9lgica\">B\u00e9lgica<\/option><option value=\"Bielorr\u00fassia\">Bielorr\u00fassia<\/option><option value=\"Bol\u00edvia\">Bol\u00edvia<\/option><option value=\"B\u00f3snia e Herzegovina\">B\u00f3snia e Herzegovina<\/option><option value=\"Bulg\u00e1ria\">Bulg\u00e1ria<\/option><option value=\"Chile\">Chile<\/option><option value=\"Chipre\">Chipre<\/option><option value=\"Col\u00f4mbia\">Col\u00f4mbia<\/option><option value=\"Costa Rica\">Costa Rica<\/option><option value=\"Cro\u00e1cia\">Cro\u00e1cia<\/option><option value=\"Cuba\">Cuba<\/option><option value=\"Dinamarca\">Dinamarca<\/option><option value=\"Equador\">Equador<\/option><option value=\"El Salvador\">El Salvador<\/option><option value=\"Eslov\u00e1quia\">Eslov\u00e1quia<\/option><option value=\"Eslov\u00eania\">Eslov\u00eania<\/option><option value=\"Espanha\">Espanha<\/option><option value=\"Est\u00f4nia\">Est\u00f4nia<\/option><option value=\"Finl\u00e2ndia\">Finl\u00e2ndia<\/option><option value=\"Fran\u00e7a\">Fran\u00e7a<\/option><option value=\"Ge\u00f3rgia\">Ge\u00f3rgia<\/option><option value=\"Gr\u00e9cia\">Gr\u00e9cia<\/option><option value=\"Guatemala\">Guatemala<\/option><option value=\"Honduras\">Honduras<\/option><option value=\"Hungria\">Hungria<\/option><option value=\"Irlanda\">Irlanda<\/option><option value=\"Isl\u00e2ndia\">Isl\u00e2ndia<\/option><option value=\"It\u00e1lia\">It\u00e1lia<\/option><option value=\"Cazaquist\u00e3o\">Cazaquist\u00e3o<\/option><option value=\"Let\u00f4nia\">Let\u00f4nia<\/option><option value=\"Liechtenstein\">Liechtenstein<\/option><option value=\"Litu\u00e2nia\">Litu\u00e2nia<\/option><option value=\"Luxemburgo\">Luxemburgo<\/option><option value=\"Malta\">Malta<\/option><option value=\"M\u00e9xico\">M\u00e9xico<\/option><option value=\"Mold\u00e1via\">Mold\u00e1via<\/option><option value=\"M\u00f4naco\">M\u00f4naco<\/option><option value=\"Montenegro\">Montenegro<\/option><option value=\"Nicaragu\u00e1\">Nicaragu\u00e1<\/option><option value=\"Noruega\">Noruega<\/option><option value=\"Pa\u00edses Baixos\">Pa\u00edses Baixos<\/option><option value=\"Panam\u00e1\">Panam\u00e1<\/option><option value=\"Paraguai\">Paraguai<\/option><option value=\"Peru\">Peru<\/option><option value=\"Pol\u00f4nia\">Pol\u00f4nia<\/option><option value=\"Reino Unido\">Reino Unido<\/option><option value=\"Rep\u00fablica Tcheca\">Rep\u00fablica Tcheca<\/option><option value=\"Rep\u00fablica Dominicana\">Rep\u00fablica Dominicana<\/option><option value=\"Rom\u00eania\">Rom\u00eania<\/option><option value=\"R\u00fassia\">R\u00fassia<\/option><option value=\"San Marino\">San Marino<\/option><option value=\"S\u00e9rvia\">S\u00e9rvia<\/option><option value=\"Su\u00e9cia\">Su\u00e9cia<\/option><option value=\"Su\u00ed\u00e7a\">Su\u00ed\u00e7a<\/option><option value=\"Turquia\">Turquia<\/option><option value=\"Ucr\u00e2nia\">Ucr\u00e2nia<\/option><option value=\"Uruguai\">Uruguai<\/option><option value=\"Vaticano\">Vaticano<\/option><option value=\"Venezuela\">Venezuela<\/option><option value=\"Outros\">Outros<\/option><\/select><\/span>\n\n<\/label>\n<\/div>\n\n<div>\n<label>  A tua mensagem (opcional)\n <span class=\"wpcf7-form-control-wrap\" data-name=\"your-message\"><textarea cols=\"40\" rows=\"3\" maxlength=\"2000\" class=\"wpcf7-form-control wpcf7-textarea\" aria-invalid=\"false\" placeholder=\"Escreve a tua mensagem\" name=\"your-message\"><\/textarea><\/span> <\/label>\n<\/div>\n    <div class=\"check\"><span class=\"wpcf7-form-control-wrap\" data-name=\"accept-this-1\"><span class=\"wpcf7-form-control wpcf7-acceptance\"><span class=\"wpcf7-list-item\"><label><input type=\"checkbox\" name=\"accept-this-1\" value=\"1\" aria-invalid=\"false\" \/><span class=\"wpcf7-list-item-label\">Aceito expressamente a <a href=\"\/pt-pt\/processamento-de-dados\/\" target=\"_blank\" rel=\"nofollow\">pol\u00edtica de privacidade<\/a> e a <a href=\"\/pt-pt\/cookies\/\" target=\"_blank\" rel=\"nofollow\">pol\u00edtica de cookies<\/a>.<\/span><\/label><\/span><\/span><\/span>\n<\/div>\n<div class=\"cf7-cf-turnstile\" style=\"margin-top: 0px; margin-bottom: -15px;\"> <div id=\"cf-turnstile-cf7-4133776900\" class=\"cf-turnstile\" data-sitekey=\"0x4AAAAAACUxPR8AwP_zIYpY\" data-theme=\"light\" data-language=\"auto\" data-size=\"normal\" data-retry=\"auto\" data-retry-interval=\"1000\" data-refresh-expired=\"auto\" data-action=\"contact-form-7\" data-appearance=\"always\"><\/div> <script>document.addEventListener(\"DOMContentLoaded\", function() { setTimeout(function(){ var e=document.getElementById(\"cf-turnstile-cf7-4133776900\"); e&&!e.innerHTML.trim()&&(turnstile.remove(\"#cf-turnstile-cf7-4133776900\"), turnstile.render(\"#cf-turnstile-cf7-4133776900\", {sitekey:\"0x4AAAAAACUxPR8AwP_zIYpY\"})); }, 100); });<\/script> <br class=\"cf-turnstile-br cf-turnstile-br-cf7-4133776900\"> <style>#cf-turnstile-cf7-4133776900 { margin-left: -15px; }<\/style> <script>document.addEventListener(\"DOMContentLoaded\",function(){document.querySelectorAll('.wpcf7-form').forEach(function(e){e.addEventListener('submit',function(){if(document.getElementById('cf-turnstile-cf7-4133776900')){setTimeout(function(){turnstile.reset('#cf-turnstile-cf7-4133776900');},1000)}})})});<\/script> <\/div><br\/><input class=\"wpcf7-form-control wpcf7-submit has-spinner\" type=\"submit\" value=\"Envia\" \/><input type='hidden' class='wpcf7-pum' value='{\"closepopup\":false,\"closedelay\":0,\"openpopup\":false,\"openpopup_id\":0}' \/><div class=\"wpcf7-response-output\" aria-hidden=\"true\"><\/div>\n<\/form>\n<\/div>\n<\/div>\n<\/div>\n<\/div>\n<\/div>\n<\/div>\n","protected":false},"excerpt":{"rendered":"<p>Contate-nos Pode nos contatar atrav\u00e9s do formul\u00e1rio de contato mais abaixo, ou nos escrever para o email comercial@proditysoftware.com Se tiver d\u00favidas, coment\u00e1rios ou simplesmente quiser saber mais sobre os nossos produtos e servi\u00e7os, n\u00e3o hesite em entrar em contato conosco.<\/p>\n","protected":false},"author":1,"featured_media":0,"parent":0,"menu_order":0,"comment_status":"closed","ping_status":"closed","template":"","meta":{"inline_featured_image":false,"footnotes":""},"class_list":["post-5261","page","type-page","status-publish","hentry"],"_links":{"self":[{"href":"https:\/\/proditysoftware.com\/pt-pt\/wp-json\/wp\/v2\/pages\/5261","targetHints":{"allow":["GET"]}}],"collection":[{"href":"https:\/\/proditysoftware.com\/pt-pt\/wp-json\/wp\/v2\/pages"}],"about":[{"href":"https:\/\/proditysoftware.com\/pt-pt\/wp-json\/wp\/v2\/types\/page"}],"author":[{"embeddable":true,"href":"https:\/\/proditysoftware.com\/pt-pt\/wp-json\/wp\/v2\/users\/1"}],"replies":[{"embeddable":true,"href":"https:\/\/proditysoftware.com\/pt-pt\/wp-json\/wp\/v2\/comments?post=5261"}],"version-history":[{"count":1,"href":"https:\/\/proditysoftware.com\/pt-pt\/wp-json\/wp\/v2\/pages\/5261\/revisions"}],"predecessor-version":[{"id":5353,"href":"https:\/\/proditysoftware.com\/pt-pt\/wp-json\/wp\/v2\/pages\/5261\/revisions\/5353"}],"wp:attachment":[{"href":"https:\/\/proditysoftware.com\/pt-pt\/wp-json\/wp\/v2\/media?parent=5261"}],"curies":[{"name":"wp","href":"https:\/\/api.w.org\/{rel}","templated":true}]}}